{"id":21742,"date":"2025-05-13T06:13:07","date_gmt":"2025-05-13T06:13:07","guid":{"rendered":"https:\/\/www.kanvazz.be\/?page_id=21742"},"modified":"2026-03-25T07:57:08","modified_gmt":"2026-03-25T07:57:08","slug":"request-sample","status":"publish","type":"page","link":"https:\/\/www.kanvazz.be\/fr\/request-sample\/","title":{"rendered":"Request\u00a0Sample"},"content":{"rendered":"\t\t<div data-elementor-type=\"wp-page\" data-elementor-id=\"21742\" class=\"elementor elementor-21742\" data-elementor-post-type=\"page\">\n\t\t\t\t\t\t<section class=\"elementor-section elementor-top-section elementor-element elementor-element-e84a01a elementor-section-full_width elementor-section-stretched elementor-section-height-default elementor-section-height-default sc_fly_static\" data-id=\"e84a01a\" data-element_type=\"section\" data-e-type=\"section\" data-settings=\"{&quot;background_background&quot;:&quot;classic&quot;,&quot;stretch_section&quot;:&quot;section-stretched&quot;}\">\n\t\t\t\t\t\t\t<div class=\"elementor-background-overlay\"><\/div>\n\t\t\t\t\t\t\t<div class=\"elementor-container elementor-column-gap-extended\">\n\t\t\t\t\t<div class=\"elementor-column elementor-col-100 elementor-top-column elementor-element elementor-element-2204044 sc_content_align_inherit sc_layouts_column_icons_position_left sc_fly_static\" data-id=\"2204044\" data-element_type=\"column\" data-e-type=\"column\">\n\t\t\t<div class=\"elementor-widget-wrap elementor-element-populated\">\n\t\t\t\t\t\t\t<\/div>\n\t\t<\/div>\n\t\t\t\t\t<\/div>\n\t\t<\/section>\n\t\t\t\t<section class=\"elementor-section elementor-top-section elementor-element elementor-element-8bd3b43 elementor-section-full_width elementor-section-height-default elementor-section-height-default sc_fly_static\" data-id=\"8bd3b43\" data-element_type=\"section\" data-e-type=\"section\" data-settings=\"{&quot;background_background&quot;:&quot;classic&quot;}\">\n\t\t\t\t\t\t<div class=\"elementor-container elementor-column-gap-extended\">\n\t\t\t\t\t<div class=\"elementor-column elementor-col-100 elementor-top-column elementor-element elementor-element-48534ed sc_content_align_inherit sc_layouts_column_icons_position_left sc_fly_static\" data-id=\"48534ed\" data-element_type=\"column\" data-e-type=\"column\">\n\t\t\t<div class=\"elementor-widget-wrap elementor-element-populated\">\n\t\t\t\t\t\t<section class=\"elementor-section elementor-inner-section elementor-element elementor-element-b115a0e elementor-section-boxed elementor-section-height-default elementor-section-height-default sc_fly_static\" data-id=\"b115a0e\" data-element_type=\"section\" data-e-type=\"section\">\n\t\t\t\t\t\t<div class=\"elementor-container elementor-column-gap-extended\">\n\t\t\t\t\t<div class=\"elementor-column elementor-col-33 elementor-inner-column elementor-element elementor-element-721fcb1 sc_content_align_inherit sc_layouts_column_icons_position_left sc_fly_static\" data-id=\"721fcb1\" data-element_type=\"column\" data-e-type=\"column\">\n\t\t\t<div class=\"elementor-widget-wrap\">\n\t\t\t\t\t\t\t<\/div>\n\t\t<\/div>\n\t\t\t\t<div class=\"elementor-column elementor-col-33 elementor-inner-column elementor-element elementor-element-39bccbf sc_content_align_inherit sc_layouts_column_icons_position_left sc_fly_static\" data-id=\"39bccbf\" data-element_type=\"column\" data-e-type=\"column\">\n\t\t\t<div class=\"elementor-widget-wrap elementor-element-populated\">\n\t\t\t\t\t\t<div class=\"elementor-element elementor-element-f54a2b7 sc_fly_static elementor-widget elementor-widget-heading\" data-id=\"f54a2b7\" data-element_type=\"widget\" data-e-type=\"widget\" data-widget_type=\"heading.default\">\n\t\t\t\t<div class=\"elementor-widget-container\">\n\t\t\t\t\t<h2 class=\"elementor-heading-title elementor-size-default\"><div class=\"vl\"><\/div><\/h2>\t\t\t\t<\/div>\n\t\t\t\t<\/div>\n\t\t\t\t\t<\/div>\n\t\t<\/div>\n\t\t\t\t<div class=\"elementor-column elementor-col-33 elementor-inner-column elementor-element elementor-element-26f17fd sc_content_align_inherit sc_layouts_column_icons_position_left sc_fly_static\" data-id=\"26f17fd\" data-element_type=\"column\" data-e-type=\"column\">\n\t\t\t<div class=\"elementor-widget-wrap\">\n\t\t\t\t\t\t\t<\/div>\n\t\t<\/div>\n\t\t\t\t\t<\/div>\n\t\t<\/section>\n\t\t\t\t<section class=\"elementor-section-with-custom-width elementor-section elementor-inner-section elementor-element elementor-element-824d3aa elementor-section-boxed elementor-section-height-default elementor-section-height-default sc_fly_static\" data-id=\"824d3aa\" data-element_type=\"section\" data-e-type=\"section\">\n\t\t\t\t\t\t<div class=\"elementor-container elementor-column-gap-extended\">\n\t\t\t\t\t<div class=\"elementor-column elementor-col-100 elementor-inner-column elementor-element elementor-element-c700ccc sc_content_align_inherit sc_layouts_column_icons_position_left sc_fly_static\" data-id=\"c700ccc\" data-element_type=\"column\" data-e-type=\"column\">\n\t\t\t<div class=\"elementor-widget-wrap elementor-element-populated\">\n\t\t\t\t\t\t<div class=\"elementor-element elementor-element-8f132d9 sc_fly_static elementor-widget elementor-widget-heading\" data-id=\"8f132d9\" data-element_type=\"widget\" data-e-type=\"widget\" data-widget_type=\"heading.default\">\n\t\t\t\t<div class=\"elementor-widget-container\">\n\t\t\t\t\t<h2 class=\"elementor-heading-title elementor-size-default\">Kanvazz<\/h2>\t\t\t\t<\/div>\n\t\t\t\t<\/div>\n\t\t\t\t<div class=\"elementor-element elementor-element-456f1c1 sc_fly_static elementor-widget elementor-widget-heading\" data-id=\"456f1c1\" data-element_type=\"widget\" data-e-type=\"widget\" data-widget_type=\"heading.default\">\n\t\t\t\t<div class=\"elementor-widget-container\">\n\t\t\t\t\t<h4 class=\"elementor-heading-title elementor-size-default\">Exclusivement pour les professionnels<\/h4>\t\t\t\t<\/div>\n\t\t\t\t<\/div>\n\t\t\t\t\t<\/div>\n\t\t<\/div>\n\t\t\t\t\t<\/div>\n\t\t<\/section>\n\t\t\t\t\t<\/div>\n\t\t<\/div>\n\t\t\t\t\t<\/div>\n\t\t<\/section>\n\t\t\t\t<section class=\"elementor-section-with-custom-width elementor-section elementor-top-section elementor-element elementor-element-16f5820 elementor-section-boxed elementor-section-height-default elementor-section-height-default sc_fly_static\" data-id=\"16f5820\" data-element_type=\"section\" data-e-type=\"section\" data-settings=\"{&quot;background_background&quot;:&quot;classic&quot;}\">\n\t\t\t\t\t\t<div class=\"elementor-container elementor-column-gap-extended\">\n\t\t\t\t\t<div class=\"elementor-column elementor-col-100 elementor-top-column elementor-element elementor-element-befcf82 sc_content_align_inherit sc_layouts_column_icons_position_left sc_fly_static\" data-id=\"befcf82\" data-element_type=\"column\" data-e-type=\"column\">\n\t\t\t<div class=\"elementor-widget-wrap elementor-element-populated\">\n\t\t\t\t\t\t<div class=\"elementor-element elementor-element-b6bb46e elementor-button-align-start rdf sc_fly_static elementor-widget elementor-widget-form\" data-id=\"b6bb46e\" data-element_type=\"widget\" data-e-type=\"widget\" data-settings=\"{&quot;step_next_label&quot;:&quot;Next&quot;,&quot;step_previous_label&quot;:&quot;Previous&quot;,&quot;button_width&quot;:&quot;100&quot;,&quot;step_type&quot;:&quot;number_text&quot;,&quot;step_icon_shape&quot;:&quot;circle&quot;}\" data-widget_type=\"form.default\">\n\t\t\t\t<div class=\"elementor-widget-container\">\n\t\t\t\t\t\t\t<form class=\"elementor-form\" method=\"post\" name=\"New Form\" aria-label=\"New Form\">\n\t\t\t<input type=\"hidden\" name=\"post_id\" value=\"21742\"\/>\n\t\t\t<input type=\"hidden\" name=\"form_id\" value=\"b6bb46e\"\/>\n\t\t\t<input type=\"hidden\" name=\"referer_title\" value=\"\" \/>\n\n\t\t\t\n\t\t\t<div class=\"elementor-form-fields-wrapper elementor-labels-above\">\n\t\t\t\t\t\t\t\t<div class=\"elementor-field-type-text elementor-field-group elementor-column elementor-field-group-name elementor-col-100 elementor-field-required elementor-mark-required\">\n\t\t\t\t\t\t\t\t\t\t\t\t\t<input size=\"1\" type=\"text\" name=\"form_fields[name]\" id=\"form-field-name\" class=\"elementor-field elementor-size-sm  elementor-field-textual\" placeholder=\"Entreprise \" required=\"required\">\n\t\t\t\t\t\t\t\t\t\t\t<\/div>\n\t\t\t\t\t\t\t\t<div class=\"elementor-field-type-text elementor-field-group elementor-column elementor-field-group-field_22889be elementor-col-100 elementor-field-required elementor-mark-required\">\n\t\t\t\t\t\t\t\t\t\t\t\t<label for=\"form-field-field_22889be\" class=\"elementor-field-label\">\n\t\t\t\t\t\t\t\t*Si vous n'avez pas de num\u00e9ro d'identification, veuillez nous contacter au +32 56 77 48 50 ou envoyer un mail \u00e0 kanvazz@slots.be\t\t\t\t\t\t\t<\/label>\n\t\t\t\t\t\t\t\t\t\t\t\t\t\t<input size=\"1\" type=\"text\" name=\"form_fields[field_22889be]\" id=\"form-field-field_22889be\" class=\"elementor-field elementor-size-sm  elementor-field-textual\" placeholder=\"Num\u00e9ro d&#039;identification = N\u00b0 de TVA*\" required=\"required\">\n\t\t\t\t\t\t\t\t\t\t\t<\/div>\n\t\t\t\t\t\t\t\t<div class=\"elementor-field-type-checkbox elementor-field-group elementor-column elementor-field-group-field_a1af2f7 elementor-col-100\">\n\t\t\t\t\t\t\t\t\t\t\t\t<label for=\"form-field-field_a1af2f7\" class=\"elementor-field-label\">\n\t\t\t\t\t\t\t\tTaper:\t\t\t\t\t\t\t<\/label>\n\t\t\t\t\t\t<div class=\"elementor-field-subgroup  elementor-subgroup-inline\"><span class=\"elementor-field-option\"><input type=\"checkbox\" value=\"H\u00f4tel\" id=\"form-field-field_a1af2f7-0\" name=\"form_fields[field_a1af2f7][]\"> <label for=\"form-field-field_a1af2f7-0\">H\u00f4tel<\/label><\/span><span class=\"elementor-field-option\"><input type=\"checkbox\" value=\"Maison de repos et de soins\" id=\"form-field-field_a1af2f7-1\" name=\"form_fields[field_a1af2f7][]\"> <label for=\"form-field-field_a1af2f7-1\">Maison de repos et de soins<\/label><\/span><span class=\"elementor-field-option\"><input type=\"checkbox\" value=\"Architecte\" id=\"form-field-field_a1af2f7-2\" name=\"form_fields[field_a1af2f7][]\"> <label for=\"form-field-field_a1af2f7-2\">Architecte<\/label><\/span><span class=\"elementor-field-option\"><input type=\"checkbox\" value=\"Peintre et entrepreneur\" id=\"form-field-field_a1af2f7-3\" name=\"form_fields[field_a1af2f7][]\"> <label for=\"form-field-field_a1af2f7-3\">Peintre et entrepreneur<\/label><\/span><span class=\"elementor-field-option\"><input type=\"checkbox\" value=\"Distributeur\" id=\"form-field-field_a1af2f7-4\" name=\"form_fields[field_a1af2f7][]\"> <label for=\"form-field-field_a1af2f7-4\">Distributeur<\/label><\/span><span class=\"elementor-field-option\"><input type=\"checkbox\" value=\"Autre\" id=\"form-field-field_a1af2f7-5\" name=\"form_fields[field_a1af2f7][]\"> <label for=\"form-field-field_a1af2f7-5\">Autre<\/label><\/span><\/div>\t\t\t\t<\/div>\n\t\t\t\t\t\t\t\t<div class=\"elementor-field-type-textarea elementor-field-group elementor-column elementor-field-group-field_1b61dba elementor-col-100 elementor-field-required elementor-mark-required\">\n\t\t\t\t\t<textarea class=\"elementor-field-textual elementor-field  elementor-size-sm\" name=\"form_fields[field_1b61dba]\" id=\"form-field-field_1b61dba\" rows=\"4\" placeholder=\"Notez votre adresse compl\u00e8te : num\u00e9ro de rue + code postal + ville + pays\" required=\"required\"><\/textarea>\t\t\t\t<\/div>\n\t\t\t\t\t\t\t\t<div class=\"elementor-field-type-tel elementor-field-group elementor-column elementor-field-group-field_403ba01 elementor-col-100 elementor-field-required elementor-mark-required\">\n\t\t\t\t\t\t\t<input size=\"1\" type=\"tel\" name=\"form_fields[field_403ba01]\" id=\"form-field-field_403ba01\" class=\"elementor-field elementor-size-sm  elementor-field-textual\" placeholder=\"T\u00e9l\u00e9phone\" required=\"required\" pattern=\"[0-9()#&amp;+*-=.]+\" title=\"Only numbers and phone characters (#, -, *, etc) are accepted.\">\n\n\t\t\t\t\t\t<\/div>\n\t\t\t\t\t\t\t\t<div class=\"elementor-field-type-email elementor-field-group elementor-column elementor-field-group-field_415bb17 elementor-col-100 elementor-field-required elementor-mark-required\">\n\t\t\t\t\t\t\t\t\t\t\t\t\t<input size=\"1\" type=\"email\" name=\"form_fields[field_415bb17]\" id=\"form-field-field_415bb17\" class=\"elementor-field elementor-size-sm  elementor-field-textual\" placeholder=\"E-mail\" required=\"required\">\n\t\t\t\t\t\t\t\t\t\t\t<\/div>\n\t\t\t\t\t\t\t\t<div class=\"elementor-field-type-text elementor-field-group elementor-column elementor-field-group-field_85f279a elementor-col-100 elementor-field-required elementor-mark-required\">\n\t\t\t\t\t\t\t\t\t\t\t\t\t<input size=\"1\" type=\"text\" name=\"form_fields[field_85f279a]\" id=\"form-field-field_85f279a\" class=\"elementor-field elementor-size-sm  elementor-field-textual\" placeholder=\"Personne de contact\" required=\"required\">\n\t\t\t\t\t\t\t\t\t\t\t<\/div>\n\t\t\t\t\t\t\t\t<div class=\"elementor-field-type-textarea elementor-field-group elementor-column elementor-field-group-field_1fb7732 elementor-col-100 elementor-field-required elementor-mark-required\">\n\t\t\t\t\t<textarea class=\"elementor-field-textual elementor-field  elementor-size-sm\" name=\"form_fields[field_1fb7732]\" id=\"form-field-field_1fb7732\" rows=\"4\" placeholder=\"Veuillez indiquer ici la collection et la couleur souhait\u00e9e pour lesquelles vous souhaitez recevoir un \u00e9chantillon A4. (par exemple Taiga&gt;Lenok-512-Blanc-Neige)\" required=\"required\"><\/textarea>\t\t\t\t<\/div>\n\t\t\t\t\t\t\t\t<div class=\"elementor-field-group elementor-column elementor-field-type-submit elementor-col-100 e-form__buttons\">\n\t\t\t\t\t<button class=\"elementor-button elementor-size-sm\" type=\"submit\">\n\t\t\t\t\t\t<span class=\"elementor-button-content-wrapper\">\n\t\t\t\t\t\t\t\t\t\t\t\t\t\t\t\t\t\t\t\t\t\t<span class=\"elementor-button-text\">Envoyer<\/span>\n\t\t\t\t\t\t\t\t\t\t\t\t\t<\/span>\n\t\t\t\t\t<\/button>\n\t\t\t\t<\/div>\n\t\t\t<\/div>\n\t\t<\/form>\n\t\t\t\t\t\t<\/div>\n\t\t\t\t<\/div>\n\t\t\t\t\t<\/div>\n\t\t<\/div>\n\t\t\t\t\t<\/div>\n\t\t<\/section>\n\t\t\t\t<section class=\"elementor-section elementor-top-section elementor-element elementor-element-50ffb92 elementor-section-full_width elementor-section-height-default elementor-section-height-default sc_fly_static\" data-id=\"50ffb92\" data-element_type=\"section\" data-e-type=\"section\" data-settings=\"{&quot;background_background&quot;:&quot;classic&quot;}\">\n\t\t\t\t\t\t<div class=\"elementor-container elementor-column-gap-extended\">\n\t\t\t\t\t<div class=\"elementor-column elementor-col-100 elementor-top-column elementor-element elementor-element-de63cf8 sc_content_align_inherit sc_layouts_column_icons_position_left sc_fly_static\" data-id=\"de63cf8\" data-element_type=\"column\" data-e-type=\"column\">\n\t\t\t<div class=\"elementor-widget-wrap elementor-element-populated\">\n\t\t\t\t\t\t<section class=\"elementor-section elementor-inner-section elementor-element elementor-element-1e5a292 elementor-section-boxed elementor-section-height-default elementor-section-height-default sc_fly_static\" data-id=\"1e5a292\" data-element_type=\"section\" data-e-type=\"section\">\n\t\t\t\t\t\t<div class=\"elementor-container elementor-column-gap-extended\">\n\t\t\t\t\t<div class=\"elementor-column elementor-col-33 elementor-inner-column elementor-element elementor-element-0f71d39 sc_content_align_inherit sc_layouts_column_icons_position_left sc_fly_static\" data-id=\"0f71d39\" data-element_type=\"column\" data-e-type=\"column\">\n\t\t\t<div class=\"elementor-widget-wrap\">\n\t\t\t\t\t\t\t<\/div>\n\t\t<\/div>\n\t\t\t\t<div class=\"elementor-column elementor-col-33 elementor-inner-column elementor-element elementor-element-f1500fc sc_content_align_inherit sc_layouts_column_icons_position_left sc_fly_static\" data-id=\"f1500fc\" data-element_type=\"column\" data-e-type=\"column\">\n\t\t\t<div class=\"elementor-widget-wrap elementor-element-populated\">\n\t\t\t\t\t\t<div class=\"elementor-element elementor-element-8333d6f sc_fly_static elementor-widget elementor-widget-heading\" data-id=\"8333d6f\" data-element_type=\"widget\" data-e-type=\"widget\" data-widget_type=\"heading.default\">\n\t\t\t\t<div class=\"elementor-widget-container\">\n\t\t\t\t\t<h2 class=\"elementor-heading-title elementor-size-default\"><div class=\"vl\"><\/div><\/h2>\t\t\t\t<\/div>\n\t\t\t\t<\/div>\n\t\t\t\t\t<\/div>\n\t\t<\/div>\n\t\t\t\t<div class=\"elementor-column elementor-col-33 elementor-inner-column elementor-element elementor-element-454c586 sc_content_align_inherit sc_layouts_column_icons_position_left sc_fly_static\" data-id=\"454c586\" data-element_type=\"column\" data-e-type=\"column\">\n\t\t\t<div class=\"elementor-widget-wrap\">\n\t\t\t\t\t\t\t<\/div>\n\t\t<\/div>\n\t\t\t\t\t<\/div>\n\t\t<\/section>\n\t\t\t\t<section class=\"elementor-section-with-custom-width elementor-section elementor-inner-section elementor-element elementor-element-208445c elementor-section-boxed elementor-section-height-default elementor-section-height-default sc_fly_static\" data-id=\"208445c\" data-element_type=\"section\" data-e-type=\"section\">\n\t\t\t\t\t\t<div class=\"elementor-container elementor-column-gap-extended\">\n\t\t\t\t\t<div class=\"elementor-column elementor-col-100 elementor-inner-column elementor-element elementor-element-7446242 sc_content_align_inherit sc_layouts_column_icons_position_left sc_fly_static\" data-id=\"7446242\" data-element_type=\"column\" data-e-type=\"column\">\n\t\t\t<div class=\"elementor-widget-wrap elementor-element-populated\">\n\t\t\t\t\t\t<div class=\"elementor-element elementor-element-672fa03 sc_fly_static elementor-widget elementor-widget-heading\" data-id=\"672fa03\" data-element_type=\"widget\" data-e-type=\"widget\" data-widget_type=\"heading.default\">\n\t\t\t\t<div class=\"elementor-widget-container\">\n\t\t\t\t\t<h4 class=\"elementor-heading-title elementor-size-default\">La meilleure fa\u00e7on de d\u00e9couvrir l\u2019apparence et la convivialit\u00e9 de Kanvazz est\u2026 de le voir et de le toucher.<\/h4>\t\t\t\t<\/div>\n\t\t\t\t<\/div>\n\t\t\t\t<div class=\"elementor-element elementor-element-be2df65 sc_fly_static elementor-widget elementor-widget-text-editor\" data-id=\"be2df65\" data-element_type=\"widget\" data-e-type=\"widget\" data-widget_type=\"text-editor.default\">\n\t\t\t\t<div class=\"elementor-widget-container\">\n\t\t\t\t\t\t\t\t\t<p>Cela\u00a0semble\u00a0logique,\u00a0mais\u00a0les\u00a0\u00e9chantillons\u00a0de\u00a0Kanvazz\u00a0parlent\u00a0effectivement\u00a0plus\u00a0fort\u00a0que\u00a0des\u00a0mots.Sur\u00a0simple\u00a0demande,\u00a0nous\u00a0vous\u00a0les\u00a0enverrons\u00a0gratuitement\u00a0au\u00a0format\u00a0standard\u00a0A4.<\/p>\t\t\t\t\t\t\t\t<\/div>\n\t\t\t\t<\/div>\n\t\t\t\t\t<\/div>\n\t\t<\/div>\n\t\t\t\t\t<\/div>\n\t\t<\/section>\n\t\t\t\t\t<\/div>\n\t\t<\/div>\n\t\t\t\t\t<\/div>\n\t\t<\/section>\n\t\t\t\t<section class=\"elementor-section elementor-top-section elementor-element elementor-element-4032c0e elementor-section-full_width elementor-section-height-default elementor-section-height-default sc_fly_static\" data-id=\"4032c0e\" data-element_type=\"section\" data-e-type=\"section\" data-settings=\"{&quot;background_background&quot;:&quot;classic&quot;}\">\n\t\t\t\t\t\t<div class=\"elementor-container elementor-column-gap-extended\">\n\t\t\t\t\t<div class=\"elementor-column elementor-col-100 elementor-top-column elementor-element elementor-element-4ffc33b sc_content_align_inherit sc_layouts_column_icons_position_left sc_fly_static\" data-id=\"4ffc33b\" data-element_type=\"column\" data-e-type=\"column\">\n\t\t\t<div class=\"elementor-widget-wrap elementor-element-populated\">\n\t\t\t\t\t\t<section class=\"elementor-section-with-custom-width elementor-section elementor-inner-section elementor-element elementor-element-b6f1137 elementor-section-boxed elementor-section-height-default elementor-section-height-default sc_fly_static\" data-id=\"b6f1137\" data-element_type=\"section\" data-e-type=\"section\">\n\t\t\t\t\t\t<div class=\"elementor-container elementor-column-gap-extended\">\n\t\t\t\t\t<div class=\"elementor-column elementor-col-50 elementor-inner-column elementor-element elementor-element-7cdf370 sc_content_align_inherit sc_layouts_column_icons_position_left sc_fly_static\" data-id=\"7cdf370\" data-element_type=\"column\" data-e-type=\"column\">\n\t\t\t<div class=\"elementor-widget-wrap elementor-element-populated\">\n\t\t\t\t\t\t<div class=\"elementor-element elementor-element-43ecbcb sc_fly_static elementor-widget elementor-widget-heading\" data-id=\"43ecbcb\" data-element_type=\"widget\" data-e-type=\"widget\" data-widget_type=\"heading.default\">\n\t\t\t\t<div class=\"elementor-widget-container\">\n\t\t\t\t\t<h2 class=\"elementor-heading-title elementor-size-default\">Nous sommes \u00e9galement heureux de fournir les livres d'\u00e9chantillons et les classeurs \u00e0 anneaux n\u00e9cessaires.<\/h2>\t\t\t\t<\/div>\n\t\t\t\t<\/div>\n\t\t\t\t<div class=\"elementor-element elementor-element-9ed56ad sc_fly_static elementor-widget elementor-widget-image\" data-id=\"9ed56ad\" data-element_type=\"widget\" data-e-type=\"widget\" data-widget_type=\"image.default\">\n\t\t\t\t<div class=\"elementor-widget-container\">\n\t\t\t\t\t\t\t\t\t\t\t\t\t\t\t<img decoding=\"async\" src=\"https:\/\/www.kanvazz.be\/wp-content\/uploads\/2025\/05\/01-1.jpg\" title=\"01\" alt=\"01\" loading=\"lazy\" \/>\t\t\t\t\t\t\t\t\t\t\t\t\t\t\t<\/div>\n\t\t\t\t<\/div>\n\t\t\t\t\t<\/div>\n\t\t<\/div>\n\t\t\t\t<div class=\"elementor-column elementor-col-50 elementor-inner-column elementor-element elementor-element-7aa15df sc_content_align_inherit sc_layouts_column_icons_position_left sc_fly_static\" data-id=\"7aa15df\" data-element_type=\"column\" data-e-type=\"column\">\n\t\t\t<div class=\"elementor-widget-wrap elementor-element-populated\">\n\t\t\t\t\t\t<div class=\"elementor-element elementor-element-9394e31 sc_fly_static elementor-widget elementor-widget-image\" data-id=\"9394e31\" data-element_type=\"widget\" data-e-type=\"widget\" data-widget_type=\"image.default\">\n\t\t\t\t<div class=\"elementor-widget-container\">\n\t\t\t\t\t\t\t\t\t\t\t\t\t\t\t<img fetchpriority=\"high\" decoding=\"async\" width=\"1673\" height=\"1620\" src=\"https:\/\/www.kanvazz.be\/wp-content\/uploads\/2025\/05\/02-1.jpg\" class=\"attachment-full size-full wp-image-21789\" alt=\"\" srcset=\"https:\/\/www.kanvazz.be\/wp-content\/uploads\/2025\/05\/02-1.jpg 1673w, https:\/\/www.kanvazz.be\/wp-content\/uploads\/2025\/05\/02-1-300x290.jpg 300w, https:\/\/www.kanvazz.be\/wp-content\/uploads\/2025\/05\/02-1-1024x992.jpg 1024w, https:\/\/www.kanvazz.be\/wp-content\/uploads\/2025\/05\/02-1-768x744.jpg 768w, https:\/\/www.kanvazz.be\/wp-content\/uploads\/2025\/05\/02-1-1536x1487.jpg 1536w, https:\/\/www.kanvazz.be\/wp-content\/uploads\/2025\/05\/02-1-370x358.jpg 370w, https:\/\/www.kanvazz.be\/wp-content\/uploads\/2025\/05\/02-1-840x813.jpg 840w, https:\/\/www.kanvazz.be\/wp-content\/uploads\/2025\/05\/02-1-410x397.jpg 410w, https:\/\/www.kanvazz.be\/wp-content\/uploads\/2025\/05\/02-1-600x581.jpg 600w\" sizes=\"(max-width: 1673px) 100vw, 1673px\" \/>\t\t\t\t\t\t\t\t\t\t\t\t\t\t\t<\/div>\n\t\t\t\t<\/div>\n\t\t\t\t<div class=\"elementor-element elementor-element-7266f53 sc_fly_static elementor-widget elementor-widget-text-editor\" data-id=\"7266f53\" data-element_type=\"widget\" data-e-type=\"widget\" data-widget_type=\"text-editor.default\">\n\t\t\t\t<div class=\"elementor-widget-container\">\n\t\t\t\t\t\t\t\t\t<ul><li>Les catalogues sont \u00e9dit\u00e9s par collection et constituent un support de pr\u00e9sentation et de promotion id\u00e9al dans un showroom, au domicile ou au bureau du client.<\/li><li>Vous trouverez dans nos classeurs \u00e0 anneaux une gamme plus \u00e9tendue d&rsquo;\u00e9chantillons de plusieurs collections.<\/li><li>Pour conna\u00eetre les conditions et la disponibilit\u00e9, contactez kanvazz@slots.be.<\/li><\/ul>\t\t\t\t\t\t\t\t<\/div>\n\t\t\t\t<\/div>\n\t\t\t\t\t<\/div>\n\t\t<\/div>\n\t\t\t\t\t<\/div>\n\t\t<\/section>\n\t\t\t\t\t<\/div>\n\t\t<\/div>\n\t\t\t\t\t<\/div>\n\t\t<\/section>\n\t\t\t\t<\/div>\n\t\t","protected":false},"excerpt":{"rendered":"<p>Kanvazz Exclusively for professionals The best way to experience the look &amp; feel of Kanvazz is\u2026 to see and touch it. It\u00a0sounds\u00a0logical,\u00a0but\u00a0Kanvazz\u00a0samples\u00a0do\u00a0indeed\u00a0speak\u00a0louder\u00a0than\u00a0words.\u00a0On\u00a0simple\u00a0request,\u00a0we\u00a0will\u00a0send\u00a0them\u00a0to\u00a0you\u00a0free\u00a0of\u00a0charge\u00a0in\u00a0standard\u00a0A4\u00a0format. We are also happy to provide the necessary&hellip;<\/p>\n","protected":false},"author":1,"featured_media":0,"parent":0,"menu_order":0,"comment_status":"closed","ping_status":"closed","template":"","meta":{"footnotes":""},"class_list":["post-21742","page","type-page","status-publish","hentry"],"_links":{"self":[{"href":"https:\/\/www.kanvazz.be\/fr\/wp-json\/wp\/v2\/pages\/21742","targetHints":{"allow":["GET"]}}],"collection":[{"href":"https:\/\/www.kanvazz.be\/fr\/wp-json\/wp\/v2\/pages"}],"about":[{"href":"https:\/\/www.kanvazz.be\/fr\/wp-json\/wp\/v2\/types\/page"}],"author":[{"embeddable":true,"href":"https:\/\/www.kanvazz.be\/fr\/wp-json\/wp\/v2\/users\/1"}],"replies":[{"embeddable":true,"href":"https:\/\/www.kanvazz.be\/fr\/wp-json\/wp\/v2\/comments?post=21742"}],"version-history":[{"count":15,"href":"https:\/\/www.kanvazz.be\/fr\/wp-json\/wp\/v2\/pages\/21742\/revisions"}],"predecessor-version":[{"id":26317,"href":"https:\/\/www.kanvazz.be\/fr\/wp-json\/wp\/v2\/pages\/21742\/revisions\/26317"}],"wp:attachment":[{"href":"https:\/\/www.kanvazz.be\/fr\/wp-json\/wp\/v2\/media?parent=21742"}],"curies":[{"name":"wp","href":"https:\/\/api.w.org\/{rel}","templated":true}]}}