{"id":21251,"date":"2025-05-07T19:26:17","date_gmt":"2025-05-07T19:26:17","guid":{"rendered":"https:\/\/www.kanvazz.be\/?page_id=21251"},"modified":"2025-07-12T17:37:59","modified_gmt":"2025-07-12T17:37:59","slug":"production-of-kanvazz","status":"publish","type":"page","link":"https:\/\/www.kanvazz.be\/fr\/production-of-kanvazz\/","title":{"rendered":"Production of Kanvazz"},"content":{"rendered":"\t\t<div data-elementor-type=\"wp-page\" data-elementor-id=\"21251\" class=\"elementor elementor-21251\" data-elementor-post-type=\"page\">\n\t\t\t\t\t\t<section class=\"elementor-section elementor-top-section elementor-element elementor-element-45d6191 elementor-section-full_width elementor-section-stretched elementor-section-height-default elementor-section-height-default sc_fly_static\" data-id=\"45d6191\" data-element_type=\"section\" data-e-type=\"section\" data-settings=\"{&quot;stretch_section&quot;:&quot;section-stretched&quot;,&quot;background_background&quot;:&quot;video&quot;,&quot;background_video_link&quot;:&quot;https:\\\/\\\/youtu.be\\\/6kw9t0IEoCo&quot;,&quot;background_video_start&quot;:28,&quot;background_video_end&quot;:35}\">\n\t\t\t\t\t\t\t\t<div class=\"elementor-background-video-container elementor-hidden-mobile\">\n\t\t\t\t\t\t\t\t\t\t\t\t\t<div class=\"elementor-background-video-embed\" role=\"presentation\"><\/div>\n\t\t\t\t\t\t\t\t\t\t\t\t<\/div>\n\t\t\t\t\t\t\t\t\t<div class=\"elementor-background-overlay\"><\/div>\n\t\t\t\t\t\t\t<div class=\"elementor-container elementor-column-gap-extended\">\n\t\t\t\t\t<div class=\"elementor-column elementor-col-100 elementor-top-column elementor-element elementor-element-5edf79d sc_content_align_inherit sc_layouts_column_icons_position_left sc_fly_static\" data-id=\"5edf79d\" data-element_type=\"column\" data-e-type=\"column\">\n\t\t\t<div class=\"elementor-widget-wrap elementor-element-populated\">\n\t\t\t\t\t\t<div class=\"elementor-element elementor-element-be12772 sc_fly_static elementor-widget elementor-widget-heading\" data-id=\"be12772\" data-element_type=\"widget\" data-e-type=\"widget\" data-widget_type=\"heading.default\">\n\t\t\t\t<div class=\"elementor-widget-container\">\n\t\t\t\t\t<h2 class=\"elementor-heading-title elementor-size-default\">Nos produits passent par diff\u00e9rentes \u00e9tapes avant d'\u00eatre pr\u00eats \u00e0 \u00eatre vendus<\/h2>\t\t\t\t<\/div>\n\t\t\t\t<\/div>\n\t\t\t\t\t<\/div>\n\t\t<\/div>\n\t\t\t\t\t<\/div>\n\t\t<\/section>\n\t\t\t\t<section class=\"elementor-section elementor-top-section elementor-element elementor-element-830dfb3 elementor-section-full_width elementor-section-height-default elementor-section-height-default sc_fly_static\" data-id=\"830dfb3\" data-element_type=\"section\" data-e-type=\"section\" data-settings=\"{&quot;background_background&quot;:&quot;classic&quot;}\">\n\t\t\t\t\t\t<div class=\"elementor-container elementor-column-gap-extended\">\n\t\t\t\t\t<div class=\"elementor-column elementor-col-100 elementor-top-column elementor-element elementor-element-a10d590 sc_content_align_inherit sc_layouts_column_icons_position_left sc_fly_static\" data-id=\"a10d590\" data-element_type=\"column\" data-e-type=\"column\">\n\t\t\t<div class=\"elementor-widget-wrap elementor-element-populated\">\n\t\t\t\t\t\t<section class=\"elementor-section elementor-inner-section elementor-element elementor-element-82e8124 elementor-section-boxed elementor-section-height-default elementor-section-height-default sc_fly_static\" data-id=\"82e8124\" data-element_type=\"section\" data-e-type=\"section\">\n\t\t\t\t\t\t<div class=\"elementor-container elementor-column-gap-extended\">\n\t\t\t\t\t<div class=\"elementor-column elementor-col-50 elementor-inner-column elementor-element elementor-element-b1b0515 sc_content_align_inherit sc_layouts_column_icons_position_left sc_fly_static\" data-id=\"b1b0515\" data-element_type=\"column\" data-e-type=\"column\">\n\t\t\t<div class=\"elementor-widget-wrap elementor-element-populated\">\n\t\t\t\t\t\t<div class=\"elementor-element elementor-element-03d8c2c elementor-align-start elementor-mobile-align-start elementor-icon-list--layout-traditional elementor-list-item-link-full_width sc_fly_static elementor-widget elementor-widget-icon-list\" data-id=\"03d8c2c\" data-element_type=\"widget\" data-e-type=\"widget\" data-widget_type=\"icon-list.default\">\n\t\t\t\t<div class=\"elementor-widget-container\">\n\t\t\t\t\t\t\t<ul class=\"elementor-icon-list-items\">\n\t\t\t\t\t\t\t<li class=\"elementor-icon-list-item\">\n\t\t\t\t\t\t\t\t\t\t\t<span class=\"elementor-icon-list-icon\">\n\t\t\t\t\t\t\t<i aria-hidden=\"true\" class=\"far fa-check-circle\"><\/i>\t\t\t\t\t\t<\/span>\n\t\t\t\t\t\t\t\t\t\t<span class=\"elementor-icon-list-text\">Brainstorming d'id\u00e9es pour une nouvelle collection<\/span>\n\t\t\t\t\t\t\t\t\t<\/li>\n\t\t\t\t\t\t\t\t<li class=\"elementor-icon-list-item\">\n\t\t\t\t\t\t\t\t\t\t\t<span class=\"elementor-icon-list-icon\">\n\t\t\t\t\t\t\t<i aria-hidden=\"true\" class=\"far fa-check-circle\"><\/i>\t\t\t\t\t\t<\/span>\n\t\t\t\t\t\t\t\t\t\t<span class=\"elementor-icon-list-text\">S\u00e9lection de la mati\u00e8re premi\u00e8re (par exemple : types de fils) et des dessins<\/span>\n\t\t\t\t\t\t\t\t\t<\/li>\n\t\t\t\t\t\t\t\t<li class=\"elementor-icon-list-item\">\n\t\t\t\t\t\t\t\t\t\t\t<span class=\"elementor-icon-list-icon\">\n\t\t\t\t\t\t\t<i aria-hidden=\"true\" class=\"far fa-check-circle\"><\/i>\t\t\t\t\t\t<\/span>\n\t\t\t\t\t\t\t\t\t\t<span class=\"elementor-icon-list-text\">Tissage des motifs s\u00e9lectionn\u00e9s dans la qualit\u00e9 propos\u00e9e et les couleurs sugg\u00e9r\u00e9es.<\/span>\n\t\t\t\t\t\t\t\t\t<\/li>\n\t\t\t\t\t\t\t\t<li class=\"elementor-icon-list-item\">\n\t\t\t\t\t\t\t\t\t\t\t<span class=\"elementor-icon-list-icon\">\n\t\t\t\t\t\t\t<i aria-hidden=\"true\" class=\"far fa-check-circle\"><\/i>\t\t\t\t\t\t<\/span>\n\t\t\t\t\t\t\t\t\t\t<span class=\"elementor-icon-list-text\">Production des premiers \u00e9chantillons<\/span>\n\t\t\t\t\t\t\t\t\t<\/li>\n\t\t\t\t\t\t\t\t<li class=\"elementor-icon-list-item\">\n\t\t\t\t\t\t\t\t\t\t\t<span class=\"elementor-icon-list-icon\">\n\t\t\t\t\t\t\t<i aria-hidden=\"true\" class=\"far fa-check-circle\"><\/i>\t\t\t\t\t\t<\/span>\n\t\t\t\t\t\t\t\t\t\t<span class=\"elementor-icon-list-text\">Contr\u00f4le de la qualit\u00e9 apr\u00e8s le tissage, action corrective si n\u00e9cessaire.<\/span>\n\t\t\t\t\t\t\t\t\t<\/li>\n\t\t\t\t\t\t\t\t<li class=\"elementor-icon-list-item\">\n\t\t\t\t\t\t\t\t\t\t\t<span class=\"elementor-icon-list-icon\">\n\t\t\t\t\t\t\t<i aria-hidden=\"true\" class=\"far fa-check-circle\"><\/i>\t\t\t\t\t\t<\/span>\n\t\t\t\t\t\t\t\t\t\t<span class=\"elementor-icon-list-text\">Finition (post-traitement pour garantir les sp\u00e9cifications techniques).<\/span>\n\t\t\t\t\t\t\t\t\t<\/li>\n\t\t\t\t\t\t\t\t<li class=\"elementor-icon-list-item\">\n\t\t\t\t\t\t\t\t\t\t\t<span class=\"elementor-icon-list-icon\">\n\t\t\t\t\t\t\t<i aria-hidden=\"true\" class=\"far fa-check-circle\"><\/i>\t\t\t\t\t\t<\/span>\n\t\t\t\t\t\t\t\t\t\t<span class=\"elementor-icon-list-text\">Test d'accrochage<\/span>\n\t\t\t\t\t\t\t\t\t<\/li>\n\t\t\t\t\t\t\t\t<li class=\"elementor-icon-list-item\">\n\t\t\t\t\t\t\t\t\t\t\t<span class=\"elementor-icon-list-icon\">\n\t\t\t\t\t\t\t<i aria-hidden=\"true\" class=\"far fa-check-circle\"><\/i>\t\t\t\t\t\t<\/span>\n\t\t\t\t\t\t\t\t\t\t<span class=\"elementor-icon-list-text\">S\u00e9lection finale de la collection<\/span>\n\t\t\t\t\t\t\t\t\t<\/li>\n\t\t\t\t\t\t\t\t<li class=\"elementor-icon-list-item\">\n\t\t\t\t\t\t\t\t\t\t\t<span class=\"elementor-icon-list-icon\">\n\t\t\t\t\t\t\t<i aria-hidden=\"true\" class=\"far fa-check-circle\"><\/i>\t\t\t\t\t\t<\/span>\n\t\t\t\t\t\t\t\t\t\t<span class=\"elementor-icon-list-text\">Inspection finale<\/span>\n\t\t\t\t\t\t\t\t\t<\/li>\n\t\t\t\t\t\t\t\t<li class=\"elementor-icon-list-item\">\n\t\t\t\t\t\t\t\t\t\t\t<span class=\"elementor-icon-list-icon\">\n\t\t\t\t\t\t\t<i aria-hidden=\"true\" class=\"far fa-check-circle\"><\/i>\t\t\t\t\t\t<\/span>\n\t\t\t\t\t\t\t\t\t\t<span class=\"elementor-icon-list-text\">Enrouler, \u00e9tiqueter et ranger<\/span>\n\t\t\t\t\t\t\t\t\t<\/li>\n\t\t\t\t\t\t<\/ul>\n\t\t\t\t\t\t<\/div>\n\t\t\t\t<\/div>\n\t\t\t\t\t<\/div>\n\t\t<\/div>\n\t\t\t\t<div class=\"elementor-column elementor-col-50 elementor-inner-column elementor-element elementor-element-ca0cfc9 sc_content_align_inherit sc_layouts_column_icons_position_left sc_fly_static\" data-id=\"ca0cfc9\" data-element_type=\"column\" data-e-type=\"column\">\n\t\t\t<div class=\"elementor-widget-wrap elementor-element-populated\">\n\t\t\t\t\t\t<div class=\"elementor-element elementor-element-8c7f8c3 gallery-spacing-custom sc_fly_static elementor-widget elementor-widget-image-gallery\" data-id=\"8c7f8c3\" data-element_type=\"widget\" data-e-type=\"widget\" data-widget_type=\"image-gallery.default\">\n\t\t\t\t<div class=\"elementor-widget-container\">\n\t\t\t\t\t\t\t<div class=\"elementor-image-gallery\">\n\t\t\t<div id='gallery-1' class='gallery galleryid-21251 gallery-columns-2 gallery-size-full'><figure class='gallery-item'>\n\t\t\t<div class='gallery-icon landscape'>\n\t\t\t\t<a data-elementor-open-lightbox=\"yes\" data-elementor-lightbox-slideshow=\"8c7f8c3\" data-elementor-lightbox-title=\"Finishing\" data-e-action-hash=\"#elementor-action%3Aaction%3Dlightbox%26settings%3DeyJpZCI6MjEyNjAsInVybCI6Imh0dHBzOlwvXC93d3cua2FudmF6ei5iZVwvd3AtY29udGVudFwvdXBsb2Fkc1wvMjAyNVwvMDVcL0ZpbmlzaGluZy5qcGciLCJzbGlkZXNob3ciOiI4YzdmOGMzIn0%3D\" href='https:\/\/www.kanvazz.be\/wp-content\/uploads\/2025\/05\/Finishing.jpg'><img fetchpriority=\"high\" decoding=\"async\" width=\"1000\" height=\"750\" src=\"https:\/\/www.kanvazz.be\/wp-content\/uploads\/2025\/05\/Finishing.jpg\" class=\"attachment-full size-full\" alt=\"\" srcset=\"https:\/\/www.kanvazz.be\/wp-content\/uploads\/2025\/05\/Finishing.jpg 1000w, https:\/\/www.kanvazz.be\/wp-content\/uploads\/2025\/05\/Finishing-300x225.jpg 300w, https:\/\/www.kanvazz.be\/wp-content\/uploads\/2025\/05\/Finishing-768x576.jpg 768w, https:\/\/www.kanvazz.be\/wp-content\/uploads\/2025\/05\/Finishing-370x278.jpg 370w, https:\/\/www.kanvazz.be\/wp-content\/uploads\/2025\/05\/Finishing-840x630.jpg 840w, https:\/\/www.kanvazz.be\/wp-content\/uploads\/2025\/05\/Finishing-410x308.jpg 410w, https:\/\/www.kanvazz.be\/wp-content\/uploads\/2025\/05\/Finishing-600x450.jpg 600w\" sizes=\"(max-width: 1000px) 100vw, 1000px\" \/><\/a>\n\t\t\t<\/div><\/figure><figure class='gallery-item'>\n\t\t\t<div class='gallery-icon landscape'>\n\t\t\t\t<a data-elementor-open-lightbox=\"yes\" data-elementor-lightbox-slideshow=\"8c7f8c3\" data-elementor-lightbox-title=\"WD-01\" data-e-action-hash=\"#elementor-action%3Aaction%3Dlightbox%26settings%3DeyJpZCI6MjEyNjQsInVybCI6Imh0dHBzOlwvXC93d3cua2FudmF6ei5iZVwvd3AtY29udGVudFwvdXBsb2Fkc1wvMjAyNVwvMDVcL1dELTAxLmpwZyIsInNsaWRlc2hvdyI6IjhjN2Y4YzMifQ%3D%3D\" href='https:\/\/www.kanvazz.be\/wp-content\/uploads\/2025\/05\/WD-01.jpg'><img decoding=\"async\" width=\"1000\" height=\"750\" src=\"https:\/\/www.kanvazz.be\/wp-content\/uploads\/2025\/05\/WD-01.jpg\" class=\"attachment-full size-full\" alt=\"\" srcset=\"https:\/\/www.kanvazz.be\/wp-content\/uploads\/2025\/05\/WD-01.jpg 1000w, https:\/\/www.kanvazz.be\/wp-content\/uploads\/2025\/05\/WD-01-300x225.jpg 300w, https:\/\/www.kanvazz.be\/wp-content\/uploads\/2025\/05\/WD-01-768x576.jpg 768w, https:\/\/www.kanvazz.be\/wp-content\/uploads\/2025\/05\/WD-01-370x278.jpg 370w, https:\/\/www.kanvazz.be\/wp-content\/uploads\/2025\/05\/WD-01-840x630.jpg 840w, https:\/\/www.kanvazz.be\/wp-content\/uploads\/2025\/05\/WD-01-410x308.jpg 410w, https:\/\/www.kanvazz.be\/wp-content\/uploads\/2025\/05\/WD-01-600x450.jpg 600w\" sizes=\"(max-width: 1000px) 100vw, 1000px\" \/><\/a>\n\t\t\t<\/div><\/figure><figure class='gallery-item'>\n\t\t\t<div class='gallery-icon landscape'>\n\t\t\t\t<a data-elementor-open-lightbox=\"yes\" data-elementor-lightbox-slideshow=\"8c7f8c3\" data-elementor-lightbox-title=\"SRM-01\" data-e-action-hash=\"#elementor-action%3Aaction%3Dlightbox%26settings%3DeyJpZCI6MjEyNjgsInVybCI6Imh0dHBzOlwvXC93d3cua2FudmF6ei5iZVwvd3AtY29udGVudFwvdXBsb2Fkc1wvMjAyNVwvMDVcL1NSTS0wMS5qcGciLCJzbGlkZXNob3ciOiI4YzdmOGMzIn0%3D\" href='https:\/\/www.kanvazz.be\/wp-content\/uploads\/2025\/05\/SRM-01.jpg'><img decoding=\"async\" width=\"1000\" height=\"750\" src=\"https:\/\/www.kanvazz.be\/wp-content\/uploads\/2025\/05\/SRM-01.jpg\" class=\"attachment-full size-full\" alt=\"\" srcset=\"https:\/\/www.kanvazz.be\/wp-content\/uploads\/2025\/05\/SRM-01.jpg 1000w, https:\/\/www.kanvazz.be\/wp-content\/uploads\/2025\/05\/SRM-01-300x225.jpg 300w, https:\/\/www.kanvazz.be\/wp-content\/uploads\/2025\/05\/SRM-01-768x576.jpg 768w, https:\/\/www.kanvazz.be\/wp-content\/uploads\/2025\/05\/SRM-01-370x278.jpg 370w, https:\/\/www.kanvazz.be\/wp-content\/uploads\/2025\/05\/SRM-01-840x630.jpg 840w, https:\/\/www.kanvazz.be\/wp-content\/uploads\/2025\/05\/SRM-01-410x308.jpg 410w, https:\/\/www.kanvazz.be\/wp-content\/uploads\/2025\/05\/SRM-01-600x450.jpg 600w\" sizes=\"(max-width: 1000px) 100vw, 1000px\" \/><\/a>\n\t\t\t<\/div><\/figure><figure class='gallery-item'>\n\t\t\t<div class='gallery-icon landscape'>\n\t\t\t\t<a data-elementor-open-lightbox=\"yes\" data-elementor-lightbox-slideshow=\"8c7f8c3\" data-elementor-lightbox-title=\"BI-02\" data-e-action-hash=\"#elementor-action%3Aaction%3Dlightbox%26settings%3DeyJpZCI6MjEyNzIsInVybCI6Imh0dHBzOlwvXC93d3cua2FudmF6ei5iZVwvd3AtY29udGVudFwvdXBsb2Fkc1wvMjAyNVwvMDVcL0JJLTAyLmpwZyIsInNsaWRlc2hvdyI6IjhjN2Y4YzMifQ%3D%3D\" href='https:\/\/www.kanvazz.be\/wp-content\/uploads\/2025\/05\/BI-02.jpg'><img loading=\"lazy\" decoding=\"async\" width=\"1000\" height=\"750\" src=\"https:\/\/www.kanvazz.be\/wp-content\/uploads\/2025\/05\/BI-02.jpg\" class=\"attachment-full size-full\" alt=\"\" srcset=\"https:\/\/www.kanvazz.be\/wp-content\/uploads\/2025\/05\/BI-02.jpg 1000w, https:\/\/www.kanvazz.be\/wp-content\/uploads\/2025\/05\/BI-02-300x225.jpg 300w, https:\/\/www.kanvazz.be\/wp-content\/uploads\/2025\/05\/BI-02-768x576.jpg 768w, https:\/\/www.kanvazz.be\/wp-content\/uploads\/2025\/05\/BI-02-370x278.jpg 370w, https:\/\/www.kanvazz.be\/wp-content\/uploads\/2025\/05\/BI-02-840x630.jpg 840w, https:\/\/www.kanvazz.be\/wp-content\/uploads\/2025\/05\/BI-02-410x308.jpg 410w, https:\/\/www.kanvazz.be\/wp-content\/uploads\/2025\/05\/BI-02-600x450.jpg 600w\" sizes=\"(max-width: 1000px) 100vw, 1000px\" \/><\/a>\n\t\t\t<\/div><\/figure><figure class='gallery-item'>\n\t\t\t<div class='gallery-icon landscape'>\n\t\t\t\t<a data-elementor-open-lightbox=\"yes\" data-elementor-lightbox-slideshow=\"8c7f8c3\" data-elementor-lightbox-title=\"stock-service\" data-e-action-hash=\"#elementor-action%3Aaction%3Dlightbox%26settings%3DeyJpZCI6MjEyNzksInVybCI6Imh0dHBzOlwvXC93d3cua2FudmF6ei5iZVwvd3AtY29udGVudFwvdXBsb2Fkc1wvMjAyNVwvMDVcL3N0b2NrLXNlcnZpY2UuanBnIiwic2xpZGVzaG93IjoiOGM3ZjhjMyJ9\" href='https:\/\/www.kanvazz.be\/wp-content\/uploads\/2025\/05\/stock-service.jpg'><img loading=\"lazy\" decoding=\"async\" width=\"1000\" height=\"750\" src=\"https:\/\/www.kanvazz.be\/wp-content\/uploads\/2025\/05\/stock-service.jpg\" class=\"attachment-full size-full\" alt=\"\" srcset=\"https:\/\/www.kanvazz.be\/wp-content\/uploads\/2025\/05\/stock-service.jpg 1000w, https:\/\/www.kanvazz.be\/wp-content\/uploads\/2025\/05\/stock-service-300x225.jpg 300w, https:\/\/www.kanvazz.be\/wp-content\/uploads\/2025\/05\/stock-service-768x576.jpg 768w, https:\/\/www.kanvazz.be\/wp-content\/uploads\/2025\/05\/stock-service-370x278.jpg 370w, https:\/\/www.kanvazz.be\/wp-content\/uploads\/2025\/05\/stock-service-840x630.jpg 840w, https:\/\/www.kanvazz.be\/wp-content\/uploads\/2025\/05\/stock-service-410x308.jpg 410w, https:\/\/www.kanvazz.be\/wp-content\/uploads\/2025\/05\/stock-service-600x450.jpg 600w\" sizes=\"(max-width: 1000px) 100vw, 1000px\" \/><\/a>\n\t\t\t<\/div><\/figure><figure class='gallery-item'>\n\t\t\t<div class='gallery-icon landscape'>\n\t\t\t\t<a data-elementor-open-lightbox=\"yes\" data-elementor-lightbox-slideshow=\"8c7f8c3\" data-elementor-lightbox-title=\"end-quality-control-01\" data-e-action-hash=\"#elementor-action%3Aaction%3Dlightbox%26settings%3DeyJpZCI6MjEyODQsInVybCI6Imh0dHBzOlwvXC93d3cua2FudmF6ei5iZVwvd3AtY29udGVudFwvdXBsb2Fkc1wvMjAyNVwvMDVcL2VuZC1xdWFsaXR5LWNvbnRyb2wtMDEuanBnIiwic2xpZGVzaG93IjoiOGM3ZjhjMyJ9\" href='https:\/\/www.kanvazz.be\/wp-content\/uploads\/2025\/05\/end-quality-control-01.jpg'><img loading=\"lazy\" decoding=\"async\" width=\"1000\" height=\"750\" src=\"https:\/\/www.kanvazz.be\/wp-content\/uploads\/2025\/05\/end-quality-control-01.jpg\" class=\"attachment-full size-full\" alt=\"\" srcset=\"https:\/\/www.kanvazz.be\/wp-content\/uploads\/2025\/05\/end-quality-control-01.jpg 1000w, https:\/\/www.kanvazz.be\/wp-content\/uploads\/2025\/05\/end-quality-control-01-300x225.jpg 300w, https:\/\/www.kanvazz.be\/wp-content\/uploads\/2025\/05\/end-quality-control-01-768x576.jpg 768w, https:\/\/www.kanvazz.be\/wp-content\/uploads\/2025\/05\/end-quality-control-01-370x278.jpg 370w, https:\/\/www.kanvazz.be\/wp-content\/uploads\/2025\/05\/end-quality-control-01-840x630.jpg 840w, https:\/\/www.kanvazz.be\/wp-content\/uploads\/2025\/05\/end-quality-control-01-410x308.jpg 410w, https:\/\/www.kanvazz.be\/wp-content\/uploads\/2025\/05\/end-quality-control-01-600x450.jpg 600w\" sizes=\"(max-width: 1000px) 100vw, 1000px\" \/><\/a>\n\t\t\t<\/div><\/figure>\n\t\t<\/div>\n\t\t<\/div>\n\t\t\t\t\t\t<\/div>\n\t\t\t\t<\/div>\n\t\t\t\t\t<\/div>\n\t\t<\/div>\n\t\t\t\t\t<\/div>\n\t\t<\/section>\n\t\t\t\t\t<\/div>\n\t\t<\/div>\n\t\t\t\t\t<\/div>\n\t\t<\/section>\n\t\t\t\t<section class=\"elementor-section elementor-top-section elementor-element elementor-element-a46343b elementor-section-full_width elementor-section-height-default elementor-section-height-default sc_fly_static\" data-id=\"a46343b\" data-element_type=\"section\" data-e-type=\"section\" data-settings=\"{&quot;background_background&quot;:&quot;classic&quot;}\">\n\t\t\t\t\t\t<div class=\"elementor-container elementor-column-gap-extended\">\n\t\t\t\t\t<div class=\"elementor-column elementor-col-100 elementor-top-column elementor-element elementor-element-f8f79ca sc_content_align_inherit sc_layouts_column_icons_position_left sc_fly_static\" data-id=\"f8f79ca\" data-element_type=\"column\" data-e-type=\"column\">\n\t\t\t<div class=\"elementor-widget-wrap elementor-element-populated\">\n\t\t\t\t\t\t<section class=\"elementor-section elementor-inner-section elementor-element elementor-element-ea86f56 elementor-section-boxed elementor-section-height-default elementor-section-height-default sc_fly_static\" data-id=\"ea86f56\" data-element_type=\"section\" data-e-type=\"section\">\n\t\t\t\t\t\t<div class=\"elementor-container elementor-column-gap-extended\">\n\t\t\t\t\t<div class=\"elementor-column elementor-col-33 elementor-inner-column elementor-element elementor-element-3d0a745 sc_content_align_inherit sc_layouts_column_icons_position_left sc_fly_static\" data-id=\"3d0a745\" data-element_type=\"column\" data-e-type=\"column\">\n\t\t\t<div class=\"elementor-widget-wrap\">\n\t\t\t\t\t\t\t<\/div>\n\t\t<\/div>\n\t\t\t\t<div class=\"elementor-column elementor-col-33 elementor-inner-column elementor-element elementor-element-da2a0a1 sc_content_align_inherit sc_layouts_column_icons_position_left sc_fly_static\" data-id=\"da2a0a1\" data-element_type=\"column\" data-e-type=\"column\">\n\t\t\t<div class=\"elementor-widget-wrap elementor-element-populated\">\n\t\t\t\t\t\t<div class=\"elementor-element elementor-element-efe1401 sc_fly_static elementor-widget elementor-widget-heading\" data-id=\"efe1401\" data-element_type=\"widget\" data-e-type=\"widget\" data-widget_type=\"heading.default\">\n\t\t\t\t<div class=\"elementor-widget-container\">\n\t\t\t\t\t<h2 class=\"elementor-heading-title elementor-size-default\"><div class=\"vl\"><\/div><\/h2>\t\t\t\t<\/div>\n\t\t\t\t<\/div>\n\t\t\t\t\t<\/div>\n\t\t<\/div>\n\t\t\t\t<div class=\"elementor-column elementor-col-33 elementor-inner-column elementor-element elementor-element-447e60e sc_content_align_inherit sc_layouts_column_icons_position_left sc_fly_static\" data-id=\"447e60e\" data-element_type=\"column\" data-e-type=\"column\">\n\t\t\t<div class=\"elementor-widget-wrap\">\n\t\t\t\t\t\t\t<\/div>\n\t\t<\/div>\n\t\t\t\t\t<\/div>\n\t\t<\/section>\n\t\t\t\t<section class=\"elementor-section-with-custom-width elementor-section elementor-inner-section elementor-element elementor-element-58918fe elementor-section-boxed elementor-section-height-default elementor-section-height-default sc_fly_static\" data-id=\"58918fe\" data-element_type=\"section\" data-e-type=\"section\">\n\t\t\t\t\t\t<div class=\"elementor-container elementor-column-gap-extended\">\n\t\t\t\t\t<div class=\"elementor-column elementor-col-100 elementor-inner-column elementor-element elementor-element-ba65834 sc_content_align_inherit sc_layouts_column_icons_position_left sc_fly_static\" data-id=\"ba65834\" data-element_type=\"column\" data-e-type=\"column\">\n\t\t\t<div class=\"elementor-widget-wrap elementor-element-populated\">\n\t\t\t\t\t\t<div class=\"elementor-element elementor-element-add46a9 sc_fly_static elementor-widget elementor-widget-heading\" data-id=\"add46a9\" data-element_type=\"widget\" data-e-type=\"widget\" data-widget_type=\"heading.default\">\n\t\t\t\t<div class=\"elementor-widget-container\">\n\t\t\t\t\t<h2 class=\"elementor-heading-title elementor-size-default\">SLOTS PURETextiles<\/h2>\t\t\t\t<\/div>\n\t\t\t\t<\/div>\n\t\t\t\t<div class=\"elementor-element elementor-element-100d120 sc_fly_static elementor-widget elementor-widget-heading\" data-id=\"100d120\" data-element_type=\"widget\" data-e-type=\"widget\" data-widget_type=\"heading.default\">\n\t\t\t\t<div class=\"elementor-widget-container\">\n\t\t\t\t\t<h4 class=\"elementor-heading-title elementor-size-default\">Textiles passe <b style=\"color:#DBDB2D\">au vert <\/b><\/h4>\t\t\t\t<\/div>\n\t\t\t\t<\/div>\n\t\t\t\t<div class=\"elementor-element elementor-element-33ef7d1 sc_fly_static elementor-widget elementor-widget-text-editor\" data-id=\"33ef7d1\" data-element_type=\"widget\" data-e-type=\"widget\" data-widget_type=\"text-editor.default\">\n\t\t\t\t<div class=\"elementor-widget-container\">\n\t\t\t\t\t\t\t\t\t<p>La durabilit\u00e9 est un th\u00e8me du processus de production chez SLOTS\u00ae PURETextiles. Des investissements ont \u00e9t\u00e9 r\u00e9alis\u00e9s dans des mat\u00e9riaux de construction hautement isolants, des panneaux solaires et un \u00e9clairage LED afin d&rsquo;optimiser l&rsquo;utilisation de l&rsquo;\u00e9nergie verte.<\/p><p>L&rsquo;introduction de rev\u00eatements muraux en polyester recycl\u00e9, ou \u00e0 partir de bouteilles en PET recycl\u00e9es, est actuellement \u00e0 l&rsquo;\u00e9tude et explor\u00e9e.<\/p>\t\t\t\t\t\t\t\t<\/div>\n\t\t\t\t<\/div>\n\t\t\t\t\t<\/div>\n\t\t<\/div>\n\t\t\t\t\t<\/div>\n\t\t<\/section>\n\t\t\t\t\t<\/div>\n\t\t<\/div>\n\t\t\t\t\t<\/div>\n\t\t<\/section>\n\t\t\t\t<section class=\"elementor-section elementor-top-section elementor-element elementor-element-b8be225 elementor-section-full_width elementor-section-height-default elementor-section-height-default sc_fly_static\" data-id=\"b8be225\" data-element_type=\"section\" data-e-type=\"section\" data-settings=\"{&quot;background_background&quot;:&quot;classic&quot;}\">\n\t\t\t\t\t\t<div class=\"elementor-container elementor-column-gap-extended\">\n\t\t\t\t\t<div class=\"elementor-column elementor-col-100 elementor-top-column elementor-element elementor-element-43b582c sc_content_align_inherit sc_layouts_column_icons_position_left sc_fly_static\" data-id=\"43b582c\" data-element_type=\"column\" data-e-type=\"column\">\n\t\t\t<div class=\"elementor-widget-wrap elementor-element-populated\">\n\t\t\t\t\t\t<section class=\"elementor-section elementor-inner-section elementor-element elementor-element-2fd265a elementor-section-boxed elementor-section-height-default elementor-section-height-default sc_fly_static\" data-id=\"2fd265a\" data-element_type=\"section\" data-e-type=\"section\">\n\t\t\t\t\t\t<div class=\"elementor-container elementor-column-gap-extended\">\n\t\t\t\t\t<div class=\"elementor-column elementor-col-100 elementor-inner-column elementor-element elementor-element-6d0fec0 sc_content_align_inherit sc_layouts_column_icons_position_left sc_fly_static\" data-id=\"6d0fec0\" data-element_type=\"column\" data-e-type=\"column\">\n\t\t\t<div class=\"elementor-widget-wrap elementor-element-populated\">\n\t\t\t\t\t\t<div class=\"elementor-element elementor-element-cd43a71 sc_fly_static elementor-widget elementor-widget-image\" data-id=\"cd43a71\" data-element_type=\"widget\" data-e-type=\"widget\" data-widget_type=\"image.default\">\n\t\t\t\t<div class=\"elementor-widget-container\">\n\t\t\t\t\t\t\t\t\t\t\t\t\t\t\t<img loading=\"lazy\" decoding=\"async\" width=\"968\" height=\"755\" src=\"https:\/\/www.kanvazz.be\/wp-content\/uploads\/2025\/05\/056-2.png\" class=\"attachment-large size-large wp-image-21292\" alt=\"\" srcset=\"https:\/\/www.kanvazz.be\/wp-content\/uploads\/2025\/05\/056-2.png 968w, https:\/\/www.kanvazz.be\/wp-content\/uploads\/2025\/05\/056-2-300x234.png 300w, https:\/\/www.kanvazz.be\/wp-content\/uploads\/2025\/05\/056-2-768x599.png 768w, https:\/\/www.kanvazz.be\/wp-content\/uploads\/2025\/05\/056-2-370x289.png 370w, https:\/\/www.kanvazz.be\/wp-content\/uploads\/2025\/05\/056-2-840x655.png 840w, https:\/\/www.kanvazz.be\/wp-content\/uploads\/2025\/05\/056-2-410x320.png 410w, https:\/\/www.kanvazz.be\/wp-content\/uploads\/2025\/05\/056-2-600x468.png 600w\" sizes=\"(max-width: 968px) 100vw, 968px\" \/>\t\t\t\t\t\t\t\t\t\t\t\t\t\t\t<\/div>\n\t\t\t\t<\/div>\n\t\t\t\t\t<\/div>\n\t\t<\/div>\n\t\t\t\t\t<\/div>\n\t\t<\/section>\n\t\t\t\t\t<\/div>\n\t\t<\/div>\n\t\t\t\t\t<\/div>\n\t\t<\/section>\n\t\t\t\t<\/div>\n\t\t","protected":false},"excerpt":{"rendered":"<p>Our Products go through various stages before they are ready for sale Brainstorming ideas for a new collection Selecting raw material (e.g. yarn types) Weaving of selected designs in the&hellip;<\/p>\n","protected":false},"author":1,"featured_media":0,"parent":0,"menu_order":0,"comment_status":"closed","ping_status":"closed","template":"","meta":{"footnotes":""},"class_list":["post-21251","page","type-page","status-publish","hentry"],"_links":{"self":[{"href":"https:\/\/www.kanvazz.be\/fr\/wp-json\/wp\/v2\/pages\/21251","targetHints":{"allow":["GET"]}}],"collection":[{"href":"https:\/\/www.kanvazz.be\/fr\/wp-json\/wp\/v2\/pages"}],"about":[{"href":"https:\/\/www.kanvazz.be\/fr\/wp-json\/wp\/v2\/types\/page"}],"author":[{"embeddable":true,"href":"https:\/\/www.kanvazz.be\/fr\/wp-json\/wp\/v2\/users\/1"}],"replies":[{"embeddable":true,"href":"https:\/\/www.kanvazz.be\/fr\/wp-json\/wp\/v2\/comments?post=21251"}],"version-history":[{"count":6,"href":"https:\/\/www.kanvazz.be\/fr\/wp-json\/wp\/v2\/pages\/21251\/revisions"}],"predecessor-version":[{"id":25899,"href":"https:\/\/www.kanvazz.be\/fr\/wp-json\/wp\/v2\/pages\/21251\/revisions\/25899"}],"wp:attachment":[{"href":"https:\/\/www.kanvazz.be\/fr\/wp-json\/wp\/v2\/media?parent=21251"}],"curies":[{"name":"wp","href":"https:\/\/api.w.org\/{rel}","templated":true}]}}