{"id":23583,"date":"2025-05-26T05:05:15","date_gmt":"2025-05-26T05:05:15","guid":{"rendered":"https:\/\/www.kanvazz.be\/?page_id=23583"},"modified":"2025-07-14T02:16:36","modified_gmt":"2025-07-14T02:16:36","slug":"steppe","status":"publish","type":"page","link":"https:\/\/www.kanvazz.be\/de\/kanvazz-timeless\/steppe\/","title":{"rendered":"Steppe"},"content":{"rendered":"\t\t<div data-elementor-type=\"wp-page\" data-elementor-id=\"23583\" class=\"elementor elementor-23583\" data-elementor-post-type=\"page\">\n\t\t\t\t\t\t<section class=\"elementor-section elementor-top-section elementor-element elementor-element-47c5580 elementor-section-full_width elementor-section-stretched elementor-section-height-default elementor-section-height-default sc_fly_static\" data-id=\"47c5580\" data-element_type=\"section\" data-e-type=\"section\" data-settings=\"{&quot;background_background&quot;:&quot;classic&quot;,&quot;stretch_section&quot;:&quot;section-stretched&quot;}\">\n\t\t\t\t\t\t\t<div class=\"elementor-background-overlay\"><\/div>\n\t\t\t\t\t\t\t<div class=\"elementor-container elementor-column-gap-extended\">\n\t\t\t\t\t<div class=\"elementor-column elementor-col-100 elementor-top-column elementor-element elementor-element-b21fc7e sc_content_align_inherit sc_layouts_column_icons_position_left sc_fly_static\" data-id=\"b21fc7e\" data-element_type=\"column\" data-e-type=\"column\">\n\t\t\t<div class=\"elementor-widget-wrap elementor-element-populated\">\n\t\t\t\t\t\t\t<\/div>\n\t\t<\/div>\n\t\t\t\t\t<\/div>\n\t\t<\/section>\n\t\t\t\t<section class=\"elementor-section-with-custom-width elementor-section elementor-top-section elementor-element elementor-element-cdf634a elementor-section-stretched elementor-section-boxed elementor-section-height-default elementor-section-height-default sc_fly_static\" data-id=\"cdf634a\" data-element_type=\"section\" data-e-type=\"section\" data-settings=\"{&quot;background_background&quot;:&quot;classic&quot;,&quot;stretch_section&quot;:&quot;section-stretched&quot;}\">\n\t\t\t\t\t\t<div class=\"elementor-container elementor-column-gap-default\">\n\t\t\t\t\t<div class=\"elementor-column elementor-col-100 elementor-top-column elementor-element elementor-element-eba9f47 sc_content_align_inherit sc_layouts_column_icons_position_left sc_fly_static\" data-id=\"eba9f47\" data-element_type=\"column\" data-e-type=\"column\">\n\t\t\t<div class=\"elementor-widget-wrap elementor-element-populated\">\n\t\t\t\t\t\t<section class=\"elementor-section-with-custom-width elementor-section elementor-inner-section elementor-element elementor-element-2b4b921 elementor-section-boxed elementor-section-height-default elementor-section-height-default sc_fly_static\" data-id=\"2b4b921\" data-element_type=\"section\" data-e-type=\"section\">\n\t\t\t\t\t\t<div class=\"elementor-container elementor-column-gap-extended\">\n\t\t\t\t\t<div class=\"elementor-column elementor-col-100 elementor-inner-column elementor-element elementor-element-0007258 sc_content_align_inherit sc_layouts_column_icons_position_left sc_fly_static\" data-id=\"0007258\" data-element_type=\"column\" data-e-type=\"column\">\n\t\t\t<div class=\"elementor-widget-wrap elementor-element-populated\">\n\t\t\t\t\t\t<div class=\"elementor-element elementor-element-ff01aba sc_fly_static elementor-widget elementor-widget-text-editor\" data-id=\"ff01aba\" data-element_type=\"widget\" data-e-type=\"widget\" data-widget_type=\"text-editor.default\">\n\t\t\t\t<div class=\"elementor-widget-container\">\n\t\t\t\t\t\t\t\t\t<p>Inspiriert von den weiten, offenen Ebenen und der rauen Sch\u00f6nheit der Steppe, pr\u00e4sentiert unsere Kanvazz-Kollektion zeitlose, strukturierte Jacquards, die die stille Widerstandsf\u00e4higkeit der Natur widerspiegeln. Von der raffinierten W\u00e4rme von Renard \u00fcber die geerdete St\u00e4rke von Marmota bis hin zur ruhigen Zuversicht von Cobra l\u00e4dt jeder Stoff Sie ein, sich mit dem endlosen Horizont zu verbinden.<\/p><p>Entdecken Sie den unverg\u00e4nglichen Geist der Steppe \u2013 gewebt f\u00fcr R\u00e4ume, die St\u00e4rke und Subtilit\u00e4t sch\u00e4tzen.<\/p>\t\t\t\t\t\t\t\t<\/div>\n\t\t\t\t<\/div>\n\t\t\t\t\t<\/div>\n\t\t<\/div>\n\t\t\t\t\t<\/div>\n\t\t<\/section>\n\t\t\t\t<section class=\"elementor-section elementor-inner-section elementor-element elementor-element-3371cb9 elementor-section-boxed elementor-section-height-default elementor-section-height-default sc_fly_static\" data-id=\"3371cb9\" data-element_type=\"section\" data-e-type=\"section\">\n\t\t\t\t\t\t<div class=\"elementor-container elementor-column-gap-extended\">\n\t\t\t\t\t<div class=\"elementor-column elementor-col-50 elementor-inner-column elementor-element elementor-element-2edecdc sc_content_align_inherit sc_layouts_column_icons_position_left sc_fly_static\" data-id=\"2edecdc\" data-element_type=\"column\" data-e-type=\"column\">\n\t\t\t<div class=\"elementor-widget-wrap elementor-element-populated\">\n\t\t\t\t\t\t<div class=\"elementor-element elementor-element-5740c09 elementor-position-top sc_fly_static elementor-widget elementor-widget-image-box\" data-id=\"5740c09\" data-element_type=\"widget\" data-e-type=\"widget\" data-widget_type=\"image-box.default\">\n\t\t\t\t<div class=\"elementor-widget-container\">\n\t\t\t\t\t<div class=\"elementor-image-box-wrapper\"><figure class=\"elementor-image-box-img\"><a href=\"https:\/\/www.kanvazz.be\/kanvazz-timeless\/steppe\/renard-2\/\" tabindex=\"-1\"><img fetchpriority=\"high\" decoding=\"async\" width=\"1000\" height=\"680\" src=\"https:\/\/www.kanvazz.be\/wp-content\/uploads\/2025\/05\/SteppeRenard2.jpg\" class=\"attachment-full size-full wp-image-23639\" alt=\"SteppeRenard\" srcset=\"https:\/\/www.kanvazz.be\/wp-content\/uploads\/2025\/05\/SteppeRenard2.jpg 1000w, https:\/\/www.kanvazz.be\/wp-content\/uploads\/2025\/05\/SteppeRenard2-300x204.jpg 300w, https:\/\/www.kanvazz.be\/wp-content\/uploads\/2025\/05\/SteppeRenard2-768x522.jpg 768w, https:\/\/www.kanvazz.be\/wp-content\/uploads\/2025\/05\/SteppeRenard2-370x252.jpg 370w, https:\/\/www.kanvazz.be\/wp-content\/uploads\/2025\/05\/SteppeRenard2-840x571.jpg 840w, https:\/\/www.kanvazz.be\/wp-content\/uploads\/2025\/05\/SteppeRenard2-410x279.jpg 410w, https:\/\/www.kanvazz.be\/wp-content\/uploads\/2025\/05\/SteppeRenard2-600x408.jpg 600w\" sizes=\"(max-width: 1000px) 100vw, 1000px\" \/><\/a><\/figure><div class=\"elementor-image-box-content\"><h3 class=\"elementor-image-box-title\"><a href=\"https:\/\/www.kanvazz.be\/kanvazz-timeless\/steppe\/renard-2\/\"> Renard<\/a><\/h3><p class=\"elementor-image-box-description\">Renard von Kanvazz f\u00e4ngt den wilden Geist des Steppenfuchses ein \u2013 klug, schwer fassbar und m\u00fchelos anmutig.<\/p><\/div><\/div>\t\t\t\t<\/div>\n\t\t\t\t<\/div>\n\t\t\t\t<div class=\"elementor-element elementor-element-166c48d elementor-align-left sc_fly_static elementor-widget elementor-widget-button\" data-id=\"166c48d\" data-element_type=\"widget\" data-e-type=\"widget\" data-widget_type=\"button.default\">\n\t\t\t\t<div class=\"elementor-widget-container\">\n\t\t\t\t\t\t\t\t\t<div class=\"elementor-button-wrapper\">\n\t\t\t\t\t<a class=\"elementor-button elementor-button-link elementor-size-sm\" href=\"https:\/\/www.kanvazz.be\/de\/kanvazz-timeless\/steppe\/renard-2\/\">\n\t\t\t\t\t\t<span class=\"elementor-button-content-wrapper\">\n\t\t\t\t\t\t<span class=\"elementor-button-icon\">\n\t\t\t\t<i aria-hidden=\"true\" class=\"fas fa-long-arrow-alt-right\"><\/i>\t\t\t<\/span>\n\t\t\t\t\t\t\t\t\t<span class=\"elementor-button-text\">Mehr Lesen<\/span>\n\t\t\t\t\t<\/span>\n\t\t\t\t\t<\/a>\n\t\t\t\t<\/div>\n\t\t\t\t\t\t\t\t<\/div>\n\t\t\t\t<\/div>\n\t\t\t\t\t<\/div>\n\t\t<\/div>\n\t\t\t\t<div class=\"elementor-column elementor-col-50 elementor-inner-column elementor-element elementor-element-e43edf2 sc_content_align_inherit sc_layouts_column_icons_position_left sc_fly_static\" data-id=\"e43edf2\" data-element_type=\"column\" data-e-type=\"column\">\n\t\t\t<div class=\"elementor-widget-wrap elementor-element-populated\">\n\t\t\t\t\t\t<div class=\"elementor-element elementor-element-aa7d53e elementor-position-top sc_fly_static elementor-widget elementor-widget-image-box\" data-id=\"aa7d53e\" data-element_type=\"widget\" data-e-type=\"widget\" data-widget_type=\"image-box.default\">\n\t\t\t\t<div class=\"elementor-widget-container\">\n\t\t\t\t\t<div class=\"elementor-image-box-wrapper\"><figure class=\"elementor-image-box-img\"><a href=\"https:\/\/www.kanvazz.be\/kanvazz-timeless\/steppe\/marmota\/\" tabindex=\"-1\"><img decoding=\"async\" width=\"1000\" height=\"680\" src=\"https:\/\/www.kanvazz.be\/wp-content\/uploads\/2025\/05\/Marmota3.jpg\" class=\"attachment-full size-full wp-image-23641\" alt=\"Marmota\" srcset=\"https:\/\/www.kanvazz.be\/wp-content\/uploads\/2025\/05\/Marmota3.jpg 1000w, https:\/\/www.kanvazz.be\/wp-content\/uploads\/2025\/05\/Marmota3-300x204.jpg 300w, https:\/\/www.kanvazz.be\/wp-content\/uploads\/2025\/05\/Marmota3-768x522.jpg 768w, https:\/\/www.kanvazz.be\/wp-content\/uploads\/2025\/05\/Marmota3-370x252.jpg 370w, https:\/\/www.kanvazz.be\/wp-content\/uploads\/2025\/05\/Marmota3-840x571.jpg 840w, https:\/\/www.kanvazz.be\/wp-content\/uploads\/2025\/05\/Marmota3-410x279.jpg 410w, https:\/\/www.kanvazz.be\/wp-content\/uploads\/2025\/05\/Marmota3-600x408.jpg 600w\" sizes=\"(max-width: 1000px) 100vw, 1000px\" \/><\/a><\/figure><div class=\"elementor-image-box-content\"><h3 class=\"elementor-image-box-title\"><a href=\"https:\/\/www.kanvazz.be\/kanvazz-timeless\/steppe\/marmota\/\">Marmota<\/a><\/h3><p class=\"elementor-image-box-description\">Marmota von Kanvazz f\u00fchlt sich geerdet und robust an, genau wie das widerstandsf\u00e4hige Murmeltier der offenen Steppe.<\/p><\/div><\/div>\t\t\t\t<\/div>\n\t\t\t\t<\/div>\n\t\t\t\t<div class=\"elementor-element elementor-element-1d7f70a elementor-align-left sc_fly_static elementor-widget elementor-widget-button\" data-id=\"1d7f70a\" data-element_type=\"widget\" data-e-type=\"widget\" data-widget_type=\"button.default\">\n\t\t\t\t<div class=\"elementor-widget-container\">\n\t\t\t\t\t\t\t\t\t<div class=\"elementor-button-wrapper\">\n\t\t\t\t\t<a class=\"elementor-button elementor-button-link elementor-size-sm\" href=\"https:\/\/www.kanvazz.be\/de\/kanvazz-timeless\/steppe\/marmota\/\">\n\t\t\t\t\t\t<span class=\"elementor-button-content-wrapper\">\n\t\t\t\t\t\t<span class=\"elementor-button-icon\">\n\t\t\t\t<i aria-hidden=\"true\" class=\"fas fa-long-arrow-alt-right\"><\/i>\t\t\t<\/span>\n\t\t\t\t\t\t\t\t\t<span class=\"elementor-button-text\">Mehr Lesen<\/span>\n\t\t\t\t\t<\/span>\n\t\t\t\t\t<\/a>\n\t\t\t\t<\/div>\n\t\t\t\t\t\t\t\t<\/div>\n\t\t\t\t<\/div>\n\t\t\t\t\t<\/div>\n\t\t<\/div>\n\t\t\t\t\t<\/div>\n\t\t<\/section>\n\t\t\t\t<section class=\"elementor-section elementor-inner-section elementor-element elementor-element-fea0e09 elementor-section-boxed elementor-section-height-default elementor-section-height-default sc_fly_static\" data-id=\"fea0e09\" data-element_type=\"section\" data-e-type=\"section\">\n\t\t\t\t\t\t<div class=\"elementor-container elementor-column-gap-extended\">\n\t\t\t\t\t<div class=\"elementor-column elementor-col-50 elementor-inner-column elementor-element elementor-element-2b16479 sc_content_align_inherit sc_layouts_column_icons_position_left sc_fly_static\" data-id=\"2b16479\" data-element_type=\"column\" data-e-type=\"column\">\n\t\t\t<div class=\"elementor-widget-wrap elementor-element-populated\">\n\t\t\t\t\t\t<div class=\"elementor-element elementor-element-3c990fd elementor-position-top sc_fly_static elementor-widget elementor-widget-image-box\" data-id=\"3c990fd\" data-element_type=\"widget\" data-e-type=\"widget\" data-widget_type=\"image-box.default\">\n\t\t\t\t<div class=\"elementor-widget-container\">\n\t\t\t\t\t<div class=\"elementor-image-box-wrapper\"><figure class=\"elementor-image-box-img\"><a href=\"https:\/\/www.kanvazz.be\/kanvazz-timeless\/steppe\/cobra-2\/\" tabindex=\"-1\"><img decoding=\"async\" width=\"1000\" height=\"680\" src=\"https:\/\/www.kanvazz.be\/wp-content\/uploads\/2025\/05\/Cobra4.jpg\" class=\"attachment-full size-full wp-image-23642\" alt=\"Cobra\" srcset=\"https:\/\/www.kanvazz.be\/wp-content\/uploads\/2025\/05\/Cobra4.jpg 1000w, https:\/\/www.kanvazz.be\/wp-content\/uploads\/2025\/05\/Cobra4-300x204.jpg 300w, https:\/\/www.kanvazz.be\/wp-content\/uploads\/2025\/05\/Cobra4-768x522.jpg 768w, https:\/\/www.kanvazz.be\/wp-content\/uploads\/2025\/05\/Cobra4-370x252.jpg 370w, https:\/\/www.kanvazz.be\/wp-content\/uploads\/2025\/05\/Cobra4-840x571.jpg 840w, https:\/\/www.kanvazz.be\/wp-content\/uploads\/2025\/05\/Cobra4-410x279.jpg 410w, https:\/\/www.kanvazz.be\/wp-content\/uploads\/2025\/05\/Cobra4-600x408.jpg 600w\" sizes=\"(max-width: 1000px) 100vw, 1000px\" \/><\/a><\/figure><div class=\"elementor-image-box-content\"><h3 class=\"elementor-image-box-title\"><a href=\"https:\/\/www.kanvazz.be\/kanvazz-timeless\/steppe\/cobra-2\/\">Cobra<\/a><\/h3><p class=\"elementor-image-box-description\">Cobra, ein zeitloses Symbol f\u00fcr St\u00e4rke und Weisheit, verk\u00f6rpert die weite Ruhe der Steppe.<\/p><\/div><\/div>\t\t\t\t<\/div>\n\t\t\t\t<\/div>\n\t\t\t\t<div class=\"elementor-element elementor-element-7c8824d elementor-align-left sc_fly_static elementor-widget elementor-widget-button\" data-id=\"7c8824d\" data-element_type=\"widget\" data-e-type=\"widget\" data-widget_type=\"button.default\">\n\t\t\t\t<div class=\"elementor-widget-container\">\n\t\t\t\t\t\t\t\t\t<div class=\"elementor-button-wrapper\">\n\t\t\t\t\t<a class=\"elementor-button elementor-button-link elementor-size-sm\" href=\"https:\/\/www.kanvazz.be\/de\/kanvazz-timeless\/steppe\/cobra-2\/\">\n\t\t\t\t\t\t<span class=\"elementor-button-content-wrapper\">\n\t\t\t\t\t\t<span class=\"elementor-button-icon\">\n\t\t\t\t<i aria-hidden=\"true\" class=\"fas fa-long-arrow-alt-right\"><\/i>\t\t\t<\/span>\n\t\t\t\t\t\t\t\t\t<span class=\"elementor-button-text\">Mehr Lesen<\/span>\n\t\t\t\t\t<\/span>\n\t\t\t\t\t<\/a>\n\t\t\t\t<\/div>\n\t\t\t\t\t\t\t\t<\/div>\n\t\t\t\t<\/div>\n\t\t\t\t\t<\/div>\n\t\t<\/div>\n\t\t\t\t<div class=\"elementor-column elementor-col-50 elementor-inner-column elementor-element elementor-element-54646e2 sc_content_align_inherit sc_layouts_column_icons_position_left sc_fly_static\" data-id=\"54646e2\" data-element_type=\"column\" data-e-type=\"column\">\n\t\t\t<div class=\"elementor-widget-wrap\">\n\t\t\t\t\t\t\t<\/div>\n\t\t<\/div>\n\t\t\t\t\t<\/div>\n\t\t<\/section>\n\t\t\t\t\t<\/div>\n\t\t<\/div>\n\t\t\t\t\t<\/div>\n\t\t<\/section>\n\t\t\t\t<\/div>\n\t\t","protected":false},"excerpt":{"rendered":"<p>Inspired by the vast, open plains and raw beauty of the steppe, our Kanvazz collection features timeless, textured jacquards that echo nature\u2019s quiet resilience. From the clever warmth of Renard&hellip;<\/p>\n","protected":false},"author":1,"featured_media":0,"parent":21439,"menu_order":0,"comment_status":"closed","ping_status":"closed","template":"","meta":{"footnotes":""},"class_list":["post-23583","page","type-page","status-publish","hentry"],"_links":{"self":[{"href":"https:\/\/www.kanvazz.be\/de\/wp-json\/wp\/v2\/pages\/23583","targetHints":{"allow":["GET"]}}],"collection":[{"href":"https:\/\/www.kanvazz.be\/de\/wp-json\/wp\/v2\/pages"}],"about":[{"href":"https:\/\/www.kanvazz.be\/de\/wp-json\/wp\/v2\/types\/page"}],"author":[{"embeddable":true,"href":"https:\/\/www.kanvazz.be\/de\/wp-json\/wp\/v2\/users\/1"}],"replies":[{"embeddable":true,"href":"https:\/\/www.kanvazz.be\/de\/wp-json\/wp\/v2\/comments?post=23583"}],"version-history":[{"count":6,"href":"https:\/\/www.kanvazz.be\/de\/wp-json\/wp\/v2\/pages\/23583\/revisions"}],"predecessor-version":[{"id":26222,"href":"https:\/\/www.kanvazz.be\/de\/wp-json\/wp\/v2\/pages\/23583\/revisions\/26222"}],"up":[{"embeddable":true,"href":"https:\/\/www.kanvazz.be\/de\/wp-json\/wp\/v2\/pages\/21439"}],"wp:attachment":[{"href":"https:\/\/www.kanvazz.be\/de\/wp-json\/wp\/v2\/media?parent=23583"}],"curies":[{"name":"wp","href":"https:\/\/api.w.org\/{rel}","templated":true}]}}