{"id":23328,"date":"2025-05-18T19:34:41","date_gmt":"2025-05-18T19:34:41","guid":{"rendered":"https:\/\/www.kanvazz.be\/?page_id=23328"},"modified":"2025-07-13T10:33:19","modified_gmt":"2025-07-13T10:33:19","slug":"rainforest","status":"publish","type":"page","link":"https:\/\/www.kanvazz.be\/de\/kanvazz-unlimited\/rainforest\/","title":{"rendered":"Rainforest"},"content":{"rendered":"\t\t<div data-elementor-type=\"wp-page\" data-elementor-id=\"23328\" class=\"elementor elementor-23328\" data-elementor-post-type=\"page\">\n\t\t\t\t\t\t<section class=\"elementor-section elementor-top-section elementor-element elementor-element-47c5580 elementor-section-full_width elementor-section-stretched elementor-section-height-default elementor-section-height-default sc_fly_static\" data-id=\"47c5580\" data-element_type=\"section\" data-e-type=\"section\" data-settings=\"{&quot;background_background&quot;:&quot;classic&quot;,&quot;stretch_section&quot;:&quot;section-stretched&quot;}\">\n\t\t\t\t\t\t\t<div class=\"elementor-background-overlay\"><\/div>\n\t\t\t\t\t\t\t<div class=\"elementor-container elementor-column-gap-extended\">\n\t\t\t\t\t<div class=\"elementor-column elementor-col-100 elementor-top-column elementor-element elementor-element-b21fc7e sc_content_align_inherit sc_layouts_column_icons_position_left sc_fly_static\" data-id=\"b21fc7e\" data-element_type=\"column\" data-e-type=\"column\">\n\t\t\t<div class=\"elementor-widget-wrap elementor-element-populated\">\n\t\t\t\t\t\t\t<\/div>\n\t\t<\/div>\n\t\t\t\t\t<\/div>\n\t\t<\/section>\n\t\t\t\t<section class=\"elementor-section-with-custom-width elementor-section elementor-top-section elementor-element elementor-element-6a68bd4 elementor-section-stretched elementor-section-boxed elementor-section-height-default elementor-section-height-default sc_fly_static\" data-id=\"6a68bd4\" data-element_type=\"section\" data-e-type=\"section\" data-settings=\"{&quot;background_background&quot;:&quot;classic&quot;,&quot;stretch_section&quot;:&quot;section-stretched&quot;}\">\n\t\t\t\t\t\t<div class=\"elementor-container elementor-column-gap-default\">\n\t\t\t\t\t<div class=\"elementor-column elementor-col-100 elementor-top-column elementor-element elementor-element-66a146b sc_content_align_inherit sc_layouts_column_icons_position_left sc_fly_static\" data-id=\"66a146b\" data-element_type=\"column\" data-e-type=\"column\">\n\t\t\t<div class=\"elementor-widget-wrap elementor-element-populated\">\n\t\t\t\t\t\t<section class=\"elementor-section-with-custom-width elementor-section elementor-inner-section elementor-element elementor-element-f00a0bf elementor-section-boxed elementor-section-height-default elementor-section-height-default sc_fly_static\" data-id=\"f00a0bf\" data-element_type=\"section\" data-e-type=\"section\">\n\t\t\t\t\t\t<div class=\"elementor-container elementor-column-gap-extended\">\n\t\t\t\t\t<div class=\"elementor-column elementor-col-100 elementor-inner-column elementor-element elementor-element-dda3a5a sc_content_align_inherit sc_layouts_column_icons_position_left sc_fly_static\" data-id=\"dda3a5a\" data-element_type=\"column\" data-e-type=\"column\">\n\t\t\t<div class=\"elementor-widget-wrap elementor-element-populated\">\n\t\t\t\t\t\t<div class=\"elementor-element elementor-element-20feba7 sc_fly_static elementor-widget elementor-widget-text-editor\" data-id=\"20feba7\" data-element_type=\"widget\" data-e-type=\"widget\" data-widget_type=\"text-editor.default\">\n\t\t\t\t<div class=\"elementor-widget-container\">\n\t\t\t\t\t\t\t\t\t<p>Tauchen Sie ein in das lebendige Bl\u00e4tterdach der Rainforest-Kollektion \u2013 \u00fcppiges Gr\u00fcn und komplexe Texturen erinnern an das pulsierende Leben tropischer Wildnis. Diese nahtlosen Wandverkleidungen verleihen Innenr\u00e4umen frische Energie und vielschichtige Tiefe und verwandeln sie in immersive R\u00fcckzugsorte, in denen die Vitalit\u00e4t der Natur gedeiht.<\/p>\t\t\t\t\t\t\t\t<\/div>\n\t\t\t\t<\/div>\n\t\t\t\t\t<\/div>\n\t\t<\/div>\n\t\t\t\t\t<\/div>\n\t\t<\/section>\n\t\t\t\t<section class=\"elementor-section elementor-inner-section elementor-element elementor-element-6ead070 elementor-section-boxed elementor-section-height-default elementor-section-height-default sc_fly_static\" data-id=\"6ead070\" data-element_type=\"section\" data-e-type=\"section\">\n\t\t\t\t\t\t<div class=\"elementor-container elementor-column-gap-extended\">\n\t\t\t\t\t<div class=\"elementor-column elementor-col-50 elementor-inner-column elementor-element elementor-element-4eba352 sc_content_align_inherit sc_layouts_column_icons_position_left sc_fly_static\" data-id=\"4eba352\" data-element_type=\"column\" data-e-type=\"column\">\n\t\t\t<div class=\"elementor-widget-wrap elementor-element-populated\">\n\t\t\t\t\t\t<div class=\"elementor-element elementor-element-92ba0d7 elementor-position-top sc_fly_static elementor-widget elementor-widget-image-box\" data-id=\"92ba0d7\" data-element_type=\"widget\" data-e-type=\"widget\" data-widget_type=\"image-box.default\">\n\t\t\t\t<div class=\"elementor-widget-container\">\n\t\t\t\t\t<div class=\"elementor-image-box-wrapper\"><figure class=\"elementor-image-box-img\"><a href=\"https:\/\/www.kanvazz.be\/de\/kanvazz-unlimited\/rainforest\/ficus\/\" tabindex=\"-1\"><img fetchpriority=\"high\" decoding=\"async\" width=\"1000\" height=\"680\" src=\"https:\/\/www.kanvazz.be\/wp-content\/uploads\/2025\/05\/Ficus-klein-featured.jpg\" class=\"attachment-full size-full wp-image-23335\" alt=\"Ficus\" srcset=\"https:\/\/www.kanvazz.be\/wp-content\/uploads\/2025\/05\/Ficus-klein-featured.jpg 1000w, https:\/\/www.kanvazz.be\/wp-content\/uploads\/2025\/05\/Ficus-klein-featured-300x204.jpg 300w, https:\/\/www.kanvazz.be\/wp-content\/uploads\/2025\/05\/Ficus-klein-featured-768x522.jpg 768w, https:\/\/www.kanvazz.be\/wp-content\/uploads\/2025\/05\/Ficus-klein-featured-370x252.jpg 370w, https:\/\/www.kanvazz.be\/wp-content\/uploads\/2025\/05\/Ficus-klein-featured-840x571.jpg 840w, https:\/\/www.kanvazz.be\/wp-content\/uploads\/2025\/05\/Ficus-klein-featured-410x279.jpg 410w, https:\/\/www.kanvazz.be\/wp-content\/uploads\/2025\/05\/Ficus-klein-featured-600x408.jpg 600w\" sizes=\"(max-width: 1000px) 100vw, 1000px\" \/><\/a><\/figure><div class=\"elementor-image-box-content\"><h3 class=\"elementor-image-box-title\"><a href=\"https:\/\/www.kanvazz.be\/de\/kanvazz-unlimited\/rainforest\/ficus\/\">Ficus<\/a><\/h3><\/div><\/div>\t\t\t\t<\/div>\n\t\t\t\t<\/div>\n\t\t\t\t<div class=\"elementor-element elementor-element-effee15 elementor-align-left sc_fly_static elementor-widget elementor-widget-button\" data-id=\"effee15\" data-element_type=\"widget\" data-e-type=\"widget\" data-widget_type=\"button.default\">\n\t\t\t\t<div class=\"elementor-widget-container\">\n\t\t\t\t\t\t\t\t\t<div class=\"elementor-button-wrapper\">\n\t\t\t\t\t<a class=\"elementor-button elementor-button-link elementor-size-sm\" href=\"https:\/\/www.kanvazz.be\/de\/kanvazz-unlimited\/rainforest\/ficus\/\">\n\t\t\t\t\t\t<span class=\"elementor-button-content-wrapper\">\n\t\t\t\t\t\t<span class=\"elementor-button-icon\">\n\t\t\t\t<i aria-hidden=\"true\" class=\"fas fa-long-arrow-alt-right\"><\/i>\t\t\t<\/span>\n\t\t\t\t\t\t\t\t\t<span class=\"elementor-button-text\">Mehr Lesen<\/span>\n\t\t\t\t\t<\/span>\n\t\t\t\t\t<\/a>\n\t\t\t\t<\/div>\n\t\t\t\t\t\t\t\t<\/div>\n\t\t\t\t<\/div>\n\t\t\t\t\t<\/div>\n\t\t<\/div>\n\t\t\t\t<div class=\"elementor-column elementor-col-50 elementor-inner-column elementor-element elementor-element-a13c4ac sc_content_align_inherit sc_layouts_column_icons_position_left sc_fly_static\" data-id=\"a13c4ac\" data-element_type=\"column\" data-e-type=\"column\">\n\t\t\t<div class=\"elementor-widget-wrap elementor-element-populated\">\n\t\t\t\t\t\t<div class=\"elementor-element elementor-element-e2479f5 elementor-position-top sc_fly_static elementor-widget elementor-widget-image-box\" data-id=\"e2479f5\" data-element_type=\"widget\" data-e-type=\"widget\" data-widget_type=\"image-box.default\">\n\t\t\t\t<div class=\"elementor-widget-container\">\n\t\t\t\t\t<div class=\"elementor-image-box-wrapper\"><figure class=\"elementor-image-box-img\"><a href=\"https:\/\/www.kanvazz.be\/de\/kanvazz-unlimited\/rainforest\/jungle\/\" tabindex=\"-1\"><img decoding=\"async\" width=\"1000\" height=\"680\" src=\"https:\/\/www.kanvazz.be\/wp-content\/uploads\/2025\/05\/Jungel-klein-featured.jpg\" class=\"attachment-full size-full wp-image-23351\" alt=\"Jungle\" srcset=\"https:\/\/www.kanvazz.be\/wp-content\/uploads\/2025\/05\/Jungel-klein-featured.jpg 1000w, https:\/\/www.kanvazz.be\/wp-content\/uploads\/2025\/05\/Jungel-klein-featured-300x204.jpg 300w, https:\/\/www.kanvazz.be\/wp-content\/uploads\/2025\/05\/Jungel-klein-featured-768x522.jpg 768w, https:\/\/www.kanvazz.be\/wp-content\/uploads\/2025\/05\/Jungel-klein-featured-370x252.jpg 370w, https:\/\/www.kanvazz.be\/wp-content\/uploads\/2025\/05\/Jungel-klein-featured-840x571.jpg 840w, https:\/\/www.kanvazz.be\/wp-content\/uploads\/2025\/05\/Jungel-klein-featured-410x279.jpg 410w, https:\/\/www.kanvazz.be\/wp-content\/uploads\/2025\/05\/Jungel-klein-featured-600x408.jpg 600w\" sizes=\"(max-width: 1000px) 100vw, 1000px\" \/><\/a><\/figure><div class=\"elementor-image-box-content\"><h3 class=\"elementor-image-box-title\"><a href=\"https:\/\/www.kanvazz.be\/de\/kanvazz-unlimited\/rainforest\/jungle\/\">Jungle<\/a><\/h3><\/div><\/div>\t\t\t\t<\/div>\n\t\t\t\t<\/div>\n\t\t\t\t<div class=\"elementor-element elementor-element-87a3d58 elementor-align-left sc_fly_static elementor-widget elementor-widget-button\" data-id=\"87a3d58\" data-element_type=\"widget\" data-e-type=\"widget\" data-widget_type=\"button.default\">\n\t\t\t\t<div class=\"elementor-widget-container\">\n\t\t\t\t\t\t\t\t\t<div class=\"elementor-button-wrapper\">\n\t\t\t\t\t<a class=\"elementor-button elementor-button-link elementor-size-sm\" href=\"https:\/\/www.kanvazz.be\/de\/kanvazz-unlimited\/rainforest\/jungle\/\">\n\t\t\t\t\t\t<span class=\"elementor-button-content-wrapper\">\n\t\t\t\t\t\t<span class=\"elementor-button-icon\">\n\t\t\t\t<i aria-hidden=\"true\" class=\"fas fa-long-arrow-alt-right\"><\/i>\t\t\t<\/span>\n\t\t\t\t\t\t\t\t\t<span class=\"elementor-button-text\">Mehr Lesen<\/span>\n\t\t\t\t\t<\/span>\n\t\t\t\t\t<\/a>\n\t\t\t\t<\/div>\n\t\t\t\t\t\t\t\t<\/div>\n\t\t\t\t<\/div>\n\t\t\t\t\t<\/div>\n\t\t<\/div>\n\t\t\t\t\t<\/div>\n\t\t<\/section>\n\t\t\t\t<section class=\"elementor-section elementor-inner-section elementor-element elementor-element-f7c7c96 elementor-section-boxed elementor-section-height-default elementor-section-height-default sc_fly_static\" data-id=\"f7c7c96\" data-element_type=\"section\" data-e-type=\"section\">\n\t\t\t\t\t\t<div class=\"elementor-container elementor-column-gap-extended\">\n\t\t\t\t\t<div class=\"elementor-column elementor-col-50 elementor-inner-column elementor-element elementor-element-863dc56 sc_content_align_inherit sc_layouts_column_icons_position_left sc_fly_static\" data-id=\"863dc56\" data-element_type=\"column\" data-e-type=\"column\">\n\t\t\t<div class=\"elementor-widget-wrap elementor-element-populated\">\n\t\t\t\t\t\t<div class=\"elementor-element elementor-element-298944b elementor-position-top sc_fly_static elementor-widget elementor-widget-image-box\" data-id=\"298944b\" data-element_type=\"widget\" data-e-type=\"widget\" data-widget_type=\"image-box.default\">\n\t\t\t\t<div class=\"elementor-widget-container\">\n\t\t\t\t\t<div class=\"elementor-image-box-wrapper\"><figure class=\"elementor-image-box-img\"><a href=\"https:\/\/www.kanvazz.be\/de\/kanvazz-unlimited\/rainforest\/orchidee\/\" tabindex=\"-1\"><img decoding=\"async\" width=\"1000\" height=\"680\" src=\"https:\/\/www.kanvazz.be\/wp-content\/uploads\/2025\/05\/Orchidee-klein-featured.jpg\" class=\"attachment-full size-full wp-image-23362\" alt=\"Orchidee\" srcset=\"https:\/\/www.kanvazz.be\/wp-content\/uploads\/2025\/05\/Orchidee-klein-featured.jpg 1000w, https:\/\/www.kanvazz.be\/wp-content\/uploads\/2025\/05\/Orchidee-klein-featured-300x204.jpg 300w, https:\/\/www.kanvazz.be\/wp-content\/uploads\/2025\/05\/Orchidee-klein-featured-768x522.jpg 768w, https:\/\/www.kanvazz.be\/wp-content\/uploads\/2025\/05\/Orchidee-klein-featured-370x252.jpg 370w, https:\/\/www.kanvazz.be\/wp-content\/uploads\/2025\/05\/Orchidee-klein-featured-840x571.jpg 840w, https:\/\/www.kanvazz.be\/wp-content\/uploads\/2025\/05\/Orchidee-klein-featured-410x279.jpg 410w, https:\/\/www.kanvazz.be\/wp-content\/uploads\/2025\/05\/Orchidee-klein-featured-600x408.jpg 600w\" sizes=\"(max-width: 1000px) 100vw, 1000px\" \/><\/a><\/figure><div class=\"elementor-image-box-content\"><h3 class=\"elementor-image-box-title\"><a href=\"https:\/\/www.kanvazz.be\/de\/kanvazz-unlimited\/rainforest\/orchidee\/\">Orchidee<\/a><\/h3><\/div><\/div>\t\t\t\t<\/div>\n\t\t\t\t<\/div>\n\t\t\t\t<div class=\"elementor-element elementor-element-8748205 elementor-align-left sc_fly_static elementor-widget elementor-widget-button\" data-id=\"8748205\" data-element_type=\"widget\" data-e-type=\"widget\" data-widget_type=\"button.default\">\n\t\t\t\t<div class=\"elementor-widget-container\">\n\t\t\t\t\t\t\t\t\t<div class=\"elementor-button-wrapper\">\n\t\t\t\t\t<a class=\"elementor-button elementor-button-link elementor-size-sm\" href=\"https:\/\/www.kanvazz.be\/de\/kanvazz-unlimited\/rainforest\/orchidee\/\">\n\t\t\t\t\t\t<span class=\"elementor-button-content-wrapper\">\n\t\t\t\t\t\t<span class=\"elementor-button-icon\">\n\t\t\t\t<i aria-hidden=\"true\" class=\"fas fa-long-arrow-alt-right\"><\/i>\t\t\t<\/span>\n\t\t\t\t\t\t\t\t\t<span class=\"elementor-button-text\">Mehr Lesen<\/span>\n\t\t\t\t\t<\/span>\n\t\t\t\t\t<\/a>\n\t\t\t\t<\/div>\n\t\t\t\t\t\t\t\t<\/div>\n\t\t\t\t<\/div>\n\t\t\t\t\t<\/div>\n\t\t<\/div>\n\t\t\t\t<div class=\"elementor-column elementor-col-50 elementor-inner-column elementor-element elementor-element-6e48998 sc_content_align_inherit sc_layouts_column_icons_position_left sc_fly_static\" data-id=\"6e48998\" data-element_type=\"column\" data-e-type=\"column\">\n\t\t\t<div class=\"elementor-widget-wrap elementor-element-populated\">\n\t\t\t\t\t\t<div class=\"elementor-element elementor-element-8bfd90c elementor-position-top sc_fly_static elementor-widget elementor-widget-image-box\" data-id=\"8bfd90c\" data-element_type=\"widget\" data-e-type=\"widget\" data-widget_type=\"image-box.default\">\n\t\t\t\t<div class=\"elementor-widget-container\">\n\t\t\t\t\t<div class=\"elementor-image-box-wrapper\"><figure class=\"elementor-image-box-img\"><a href=\"https:\/\/www.kanvazz.be\/de\/kanvazz-unlimited\/rainforest\/rainfall\/\" tabindex=\"-1\"><img loading=\"lazy\" decoding=\"async\" width=\"1000\" height=\"680\" src=\"https:\/\/www.kanvazz.be\/wp-content\/uploads\/2025\/05\/Rainfall_featured-img.jpg\" class=\"attachment-full size-full wp-image-23375\" alt=\"Rainfall\" srcset=\"https:\/\/www.kanvazz.be\/wp-content\/uploads\/2025\/05\/Rainfall_featured-img.jpg 1000w, https:\/\/www.kanvazz.be\/wp-content\/uploads\/2025\/05\/Rainfall_featured-img-300x204.jpg 300w, https:\/\/www.kanvazz.be\/wp-content\/uploads\/2025\/05\/Rainfall_featured-img-768x522.jpg 768w, https:\/\/www.kanvazz.be\/wp-content\/uploads\/2025\/05\/Rainfall_featured-img-370x252.jpg 370w, https:\/\/www.kanvazz.be\/wp-content\/uploads\/2025\/05\/Rainfall_featured-img-840x571.jpg 840w, https:\/\/www.kanvazz.be\/wp-content\/uploads\/2025\/05\/Rainfall_featured-img-410x279.jpg 410w, https:\/\/www.kanvazz.be\/wp-content\/uploads\/2025\/05\/Rainfall_featured-img-600x408.jpg 600w\" sizes=\"(max-width: 1000px) 100vw, 1000px\" \/><\/a><\/figure><div class=\"elementor-image-box-content\"><h3 class=\"elementor-image-box-title\"><a href=\"https:\/\/www.kanvazz.be\/de\/kanvazz-unlimited\/rainforest\/rainfall\/\">Rainfall<\/a><\/h3><\/div><\/div>\t\t\t\t<\/div>\n\t\t\t\t<\/div>\n\t\t\t\t<div class=\"elementor-element elementor-element-7504512 elementor-align-left sc_fly_static elementor-widget elementor-widget-button\" data-id=\"7504512\" data-element_type=\"widget\" data-e-type=\"widget\" data-widget_type=\"button.default\">\n\t\t\t\t<div class=\"elementor-widget-container\">\n\t\t\t\t\t\t\t\t\t<div class=\"elementor-button-wrapper\">\n\t\t\t\t\t<a class=\"elementor-button elementor-button-link elementor-size-sm\" href=\"https:\/\/www.kanvazz.be\/de\/kanvazz-unlimited\/rainforest\/rainfall\/\">\n\t\t\t\t\t\t<span class=\"elementor-button-content-wrapper\">\n\t\t\t\t\t\t<span class=\"elementor-button-icon\">\n\t\t\t\t<i aria-hidden=\"true\" class=\"fas fa-long-arrow-alt-right\"><\/i>\t\t\t<\/span>\n\t\t\t\t\t\t\t\t\t<span class=\"elementor-button-text\">Mehr Lesen<\/span>\n\t\t\t\t\t<\/span>\n\t\t\t\t\t<\/a>\n\t\t\t\t<\/div>\n\t\t\t\t\t\t\t\t<\/div>\n\t\t\t\t<\/div>\n\t\t\t\t\t<\/div>\n\t\t<\/div>\n\t\t\t\t\t<\/div>\n\t\t<\/section>\n\t\t\t\t\t<\/div>\n\t\t<\/div>\n\t\t\t\t\t<\/div>\n\t\t<\/section>\n\t\t\t\t<\/div>\n\t\t","protected":false},"excerpt":{"rendered":"<p>Dive into the Rainforest collection\u2019s vibrant canopy\u2014lush greens and intricate textures evoke the teeming life of tropical wilderness. These seamless wallcoverings bring fresh energy and layered depth to interiors, transforming&hellip;<\/p>\n","protected":false},"author":1,"featured_media":0,"parent":22569,"menu_order":0,"comment_status":"closed","ping_status":"closed","template":"","meta":{"footnotes":""},"class_list":["post-23328","page","type-page","status-publish","hentry"],"_links":{"self":[{"href":"https:\/\/www.kanvazz.be\/de\/wp-json\/wp\/v2\/pages\/23328","targetHints":{"allow":["GET"]}}],"collection":[{"href":"https:\/\/www.kanvazz.be\/de\/wp-json\/wp\/v2\/pages"}],"about":[{"href":"https:\/\/www.kanvazz.be\/de\/wp-json\/wp\/v2\/types\/page"}],"author":[{"embeddable":true,"href":"https:\/\/www.kanvazz.be\/de\/wp-json\/wp\/v2\/users\/1"}],"replies":[{"embeddable":true,"href":"https:\/\/www.kanvazz.be\/de\/wp-json\/wp\/v2\/comments?post=23328"}],"version-history":[{"count":12,"href":"https:\/\/www.kanvazz.be\/de\/wp-json\/wp\/v2\/pages\/23328\/revisions"}],"predecessor-version":[{"id":25988,"href":"https:\/\/www.kanvazz.be\/de\/wp-json\/wp\/v2\/pages\/23328\/revisions\/25988"}],"up":[{"embeddable":true,"href":"https:\/\/www.kanvazz.be\/de\/wp-json\/wp\/v2\/pages\/22569"}],"wp:attachment":[{"href":"https:\/\/www.kanvazz.be\/de\/wp-json\/wp\/v2\/media?parent=23328"}],"curies":[{"name":"wp","href":"https:\/\/api.w.org\/{rel}","templated":true}]}}