{"id":21300,"date":"2025-05-07T20:21:55","date_gmt":"2025-05-07T20:21:55","guid":{"rendered":"https:\/\/www.kanvazz.be\/?page_id=21300"},"modified":"2025-07-15T07:12:20","modified_gmt":"2025-07-15T07:12:20","slug":"certificates","status":"publish","type":"page","link":"https:\/\/www.kanvazz.be\/de\/certificates\/","title":{"rendered":"Certificates"},"content":{"rendered":"\t\t<div data-elementor-type=\"wp-page\" data-elementor-id=\"21300\" class=\"elementor elementor-21300\" data-elementor-post-type=\"page\">\n\t\t\t\t\t\t<section class=\"elementor-section elementor-top-section elementor-element elementor-element-d25599c elementor-section-boxed elementor-section-height-default elementor-section-height-default sc_fly_static\" data-id=\"d25599c\" data-element_type=\"section\" data-e-type=\"section\">\n\t\t\t\t\t\t<div class=\"elementor-container elementor-column-gap-extended\">\n\t\t\t\t\t<div class=\"elementor-column elementor-col-100 elementor-top-column elementor-element elementor-element-cc30d5b sc_content_align_inherit sc_layouts_column_icons_position_left sc_fly_static\" data-id=\"cc30d5b\" data-element_type=\"column\" data-e-type=\"column\">\n\t\t\t<div class=\"elementor-widget-wrap\">\n\t\t\t\t\t\t\t<\/div>\n\t\t<\/div>\n\t\t\t\t\t<\/div>\n\t\t<\/section>\n\t\t\t\t<section class=\"elementor-section elementor-top-section elementor-element elementor-element-2d69763 elementor-section-full_width elementor-section-height-default elementor-section-height-default sc_fly_static\" data-id=\"2d69763\" data-element_type=\"section\" data-e-type=\"section\" data-settings=\"{&quot;background_background&quot;:&quot;classic&quot;}\">\n\t\t\t\t\t\t<div class=\"elementor-container elementor-column-gap-extended\">\n\t\t\t\t\t<div class=\"elementor-column elementor-col-100 elementor-top-column elementor-element elementor-element-8542b43 sc_content_align_inherit sc_layouts_column_icons_position_left sc_fly_static\" data-id=\"8542b43\" data-element_type=\"column\" data-e-type=\"column\">\n\t\t\t<div class=\"elementor-widget-wrap elementor-element-populated\">\n\t\t\t\t\t\t<section class=\"elementor-section elementor-inner-section elementor-element elementor-element-62c9d79 elementor-section-boxed elementor-section-height-default elementor-section-height-default sc_fly_static\" data-id=\"62c9d79\" data-element_type=\"section\" data-e-type=\"section\">\n\t\t\t\t\t\t<div class=\"elementor-container elementor-column-gap-extended\">\n\t\t\t\t\t<div class=\"elementor-column elementor-col-33 elementor-inner-column elementor-element elementor-element-b09a6ca sc_content_align_inherit sc_layouts_column_icons_position_left sc_fly_static\" data-id=\"b09a6ca\" data-element_type=\"column\" data-e-type=\"column\">\n\t\t\t<div class=\"elementor-widget-wrap\">\n\t\t\t\t\t\t\t<\/div>\n\t\t<\/div>\n\t\t\t\t<div class=\"elementor-column elementor-col-33 elementor-inner-column elementor-element elementor-element-7eee6d5 sc_content_align_inherit sc_layouts_column_icons_position_left sc_fly_static\" data-id=\"7eee6d5\" data-element_type=\"column\" data-e-type=\"column\">\n\t\t\t<div class=\"elementor-widget-wrap elementor-element-populated\">\n\t\t\t\t\t\t<div class=\"elementor-element elementor-element-23067b0 sc_fly_static elementor-widget elementor-widget-heading\" data-id=\"23067b0\" data-element_type=\"widget\" data-e-type=\"widget\" data-widget_type=\"heading.default\">\n\t\t\t\t<div class=\"elementor-widget-container\">\n\t\t\t\t\t<h2 class=\"elementor-heading-title elementor-size-default\"><div class=\"vl\"><\/div><\/h2>\t\t\t\t<\/div>\n\t\t\t\t<\/div>\n\t\t\t\t\t<\/div>\n\t\t<\/div>\n\t\t\t\t<div class=\"elementor-column elementor-col-33 elementor-inner-column elementor-element elementor-element-d6a082c sc_content_align_inherit sc_layouts_column_icons_position_left sc_fly_static\" data-id=\"d6a082c\" data-element_type=\"column\" data-e-type=\"column\">\n\t\t\t<div class=\"elementor-widget-wrap\">\n\t\t\t\t\t\t\t<\/div>\n\t\t<\/div>\n\t\t\t\t\t<\/div>\n\t\t<\/section>\n\t\t\t\t<section class=\"elementor-section-with-custom-width elementor-section elementor-inner-section elementor-element elementor-element-7a1b7b1 elementor-section-boxed elementor-section-height-default elementor-section-height-default sc_fly_static\" data-id=\"7a1b7b1\" data-element_type=\"section\" data-e-type=\"section\">\n\t\t\t\t\t\t<div class=\"elementor-container elementor-column-gap-extended\">\n\t\t\t\t\t<div class=\"elementor-column elementor-col-100 elementor-inner-column elementor-element elementor-element-2f43d10 sc_content_align_inherit sc_layouts_column_icons_position_left sc_fly_static\" data-id=\"2f43d10\" data-element_type=\"column\" data-e-type=\"column\">\n\t\t\t<div class=\"elementor-widget-wrap elementor-element-populated\">\n\t\t\t\t\t\t<div class=\"elementor-element elementor-element-ad8fd3f sc_fly_static elementor-widget elementor-widget-heading\" data-id=\"ad8fd3f\" data-element_type=\"widget\" data-e-type=\"widget\" data-widget_type=\"heading.default\">\n\t\t\t\t<div class=\"elementor-widget-container\">\n\t\t\t\t\t<h2 class=\"elementor-heading-title elementor-size-default\">SLOTS PURETextiles<\/h2>\t\t\t\t<\/div>\n\t\t\t\t<\/div>\n\t\t\t\t<div class=\"elementor-element elementor-element-ea4a7ad sc_fly_static elementor-widget elementor-widget-heading\" data-id=\"ea4a7ad\" data-element_type=\"widget\" data-e-type=\"widget\" data-widget_type=\"heading.default\">\n\t\t\t\t<div class=\"elementor-widget-container\">\n\t\t\t\t\t<h4 class=\"elementor-heading-title elementor-size-default\">Zertifikate<\/h4>\t\t\t\t<\/div>\n\t\t\t\t<\/div>\n\t\t\t\t<div class=\"elementor-element elementor-element-9a5b91b elementor-widget-mobile__width-inherit sc_fly_static elementor-widget elementor-widget-text-editor\" data-id=\"9a5b91b\" data-element_type=\"widget\" data-e-type=\"widget\" data-widget_type=\"text-editor.default\">\n\t\t\t\t<div class=\"elementor-widget-container\">\n\t\t\t\t\t\t\t\t\t<p>ZertifikateZertifizierte Qualit\u00e4t, der Sie vertrauen k\u00f6nnen \u2013 unsere Textilien erf\u00fcllen die h\u00f6chsten globalen Standards f\u00fcr Nachhaltigkeit, Sicherheit und Leistung.<\/p>\t\t\t\t\t\t\t\t<\/div>\n\t\t\t\t<\/div>\n\t\t\t\t\t<\/div>\n\t\t<\/div>\n\t\t\t\t\t<\/div>\n\t\t<\/section>\n\t\t\t\t<section class=\"elementor-section elementor-inner-section elementor-element elementor-element-10b4248 elementor-section-boxed elementor-section-height-default elementor-section-height-default sc_fly_static\" data-id=\"10b4248\" data-element_type=\"section\" data-e-type=\"section\">\n\t\t\t\t\t\t<div class=\"elementor-container elementor-column-gap-extended\">\n\t\t\t\t\t<div class=\"elementor-column elementor-col-25 elementor-inner-column elementor-element elementor-element-e3454d4 sc_content_align_inherit sc_layouts_column_icons_position_left sc_fly_static\" data-id=\"e3454d4\" data-element_type=\"column\" data-e-type=\"column\">\n\t\t\t<div class=\"elementor-widget-wrap elementor-element-populated\">\n\t\t\t\t\t\t<div class=\"elementor-element elementor-element-15cf32b elementor-position-top elementor-position-top sc_fly_static elementor-widget elementor-widget-image-box\" data-id=\"15cf32b\" data-element_type=\"widget\" data-e-type=\"widget\" data-widget_type=\"image-box.default\">\n\t\t\t\t<div class=\"elementor-widget-container\">\n\t\t\t\t\t<div class=\"elementor-image-box-wrapper\"><figure class=\"elementor-image-box-img\"><a href=\"https:\/\/www.kanvazz.be\/wp-content\/uploads\/2025\/05\/Fire-Certificate.pdf\" target=\"_blank\" tabindex=\"-1\"><img fetchpriority=\"high\" decoding=\"async\" width=\"512\" height=\"512\" src=\"https:\/\/www.kanvazz.be\/wp-content\/uploads\/2025\/05\/certificate.png\" class=\"attachment-full size-full wp-image-22115\" alt=\"\" srcset=\"https:\/\/www.kanvazz.be\/wp-content\/uploads\/2025\/05\/certificate.png 512w, https:\/\/www.kanvazz.be\/wp-content\/uploads\/2025\/05\/certificate-300x300.png 300w, https:\/\/www.kanvazz.be\/wp-content\/uploads\/2025\/05\/certificate-150x150.png 150w, https:\/\/www.kanvazz.be\/wp-content\/uploads\/2025\/05\/certificate-370x370.png 370w, https:\/\/www.kanvazz.be\/wp-content\/uploads\/2025\/05\/certificate-120x120.png 120w, https:\/\/www.kanvazz.be\/wp-content\/uploads\/2025\/05\/certificate-410x410.png 410w\" sizes=\"(max-width: 600px) 100vw, 512px\" \/><\/a><\/figure><div class=\"elementor-image-box-content\"><h3 class=\"elementor-image-box-title\"><a href=\"https:\/\/www.kanvazz.be\/wp-content\/uploads\/2025\/05\/Fire-Certificate.pdf\" target=\"_blank\">Fire Certificate<\/a><\/h3><\/div><\/div>\t\t\t\t<\/div>\n\t\t\t\t<\/div>\n\t\t\t\t\t<\/div>\n\t\t<\/div>\n\t\t\t\t<div class=\"elementor-column elementor-col-25 elementor-inner-column elementor-element elementor-element-e73811f sc_content_align_inherit sc_layouts_column_icons_position_left sc_fly_static\" data-id=\"e73811f\" data-element_type=\"column\" data-e-type=\"column\">\n\t\t\t<div class=\"elementor-widget-wrap elementor-element-populated\">\n\t\t\t\t\t\t<div class=\"elementor-element elementor-element-9be59d4 elementor-position-top elementor-position-top sc_fly_static elementor-widget elementor-widget-image-box\" data-id=\"9be59d4\" data-element_type=\"widget\" data-e-type=\"widget\" data-widget_type=\"image-box.default\">\n\t\t\t\t<div class=\"elementor-widget-container\">\n\t\t\t\t\t<div class=\"elementor-image-box-wrapper\"><figure class=\"elementor-image-box-img\"><a href=\"https:\/\/www.kanvazz.be\/wp-content\/uploads\/2025\/05\/Kanvazz-Certificate-of-Consistency-of-Performance.pdf\" target=\"_blank\" tabindex=\"-1\"><img fetchpriority=\"high\" decoding=\"async\" width=\"512\" height=\"512\" src=\"https:\/\/www.kanvazz.be\/wp-content\/uploads\/2025\/05\/certificate.png\" class=\"attachment-full size-full wp-image-22115\" alt=\"\" srcset=\"https:\/\/www.kanvazz.be\/wp-content\/uploads\/2025\/05\/certificate.png 512w, https:\/\/www.kanvazz.be\/wp-content\/uploads\/2025\/05\/certificate-300x300.png 300w, https:\/\/www.kanvazz.be\/wp-content\/uploads\/2025\/05\/certificate-150x150.png 150w, https:\/\/www.kanvazz.be\/wp-content\/uploads\/2025\/05\/certificate-370x370.png 370w, https:\/\/www.kanvazz.be\/wp-content\/uploads\/2025\/05\/certificate-120x120.png 120w, https:\/\/www.kanvazz.be\/wp-content\/uploads\/2025\/05\/certificate-410x410.png 410w\" sizes=\"(max-width: 600px) 100vw, 512px\" \/><\/a><\/figure><div class=\"elementor-image-box-content\"><h3 class=\"elementor-image-box-title\"><a href=\"https:\/\/www.kanvazz.be\/wp-content\/uploads\/2025\/05\/Kanvazz-Certificate-of-Consistency-of-Performance.pdf\" target=\"_blank\">CE Certificate<\/a><\/h3><\/div><\/div>\t\t\t\t<\/div>\n\t\t\t\t<\/div>\n\t\t\t\t\t<\/div>\n\t\t<\/div>\n\t\t\t\t<div class=\"elementor-column elementor-col-25 elementor-inner-column elementor-element elementor-element-9b3eb85 sc_content_align_inherit sc_layouts_column_icons_position_left sc_fly_static\" data-id=\"9b3eb85\" data-element_type=\"column\" data-e-type=\"column\">\n\t\t\t<div class=\"elementor-widget-wrap elementor-element-populated\">\n\t\t\t\t\t\t<div class=\"elementor-element elementor-element-ab503f0 elementor-position-top elementor-position-top sc_fly_static elementor-widget elementor-widget-image-box\" data-id=\"ab503f0\" data-element_type=\"widget\" data-e-type=\"widget\" data-widget_type=\"image-box.default\">\n\t\t\t\t<div class=\"elementor-widget-container\">\n\t\t\t\t\t<div class=\"elementor-image-box-wrapper\"><figure class=\"elementor-image-box-img\"><a href=\"https:\/\/www.kanvazz.be\/wp-content\/uploads\/2025\/05\/TMLA-Teflon\u2122-fabric-protector-Teflon-EcoElite\u2122-finish-BRANDS-SLOTS_compressed.pdf\" target=\"_blank\" tabindex=\"-1\"><img fetchpriority=\"high\" decoding=\"async\" width=\"512\" height=\"512\" src=\"https:\/\/www.kanvazz.be\/wp-content\/uploads\/2025\/05\/certificate.png\" class=\"attachment-full size-full wp-image-22115\" alt=\"\" srcset=\"https:\/\/www.kanvazz.be\/wp-content\/uploads\/2025\/05\/certificate.png 512w, https:\/\/www.kanvazz.be\/wp-content\/uploads\/2025\/05\/certificate-300x300.png 300w, https:\/\/www.kanvazz.be\/wp-content\/uploads\/2025\/05\/certificate-150x150.png 150w, https:\/\/www.kanvazz.be\/wp-content\/uploads\/2025\/05\/certificate-370x370.png 370w, https:\/\/www.kanvazz.be\/wp-content\/uploads\/2025\/05\/certificate-120x120.png 120w, https:\/\/www.kanvazz.be\/wp-content\/uploads\/2025\/05\/certificate-410x410.png 410w\" sizes=\"(max-width: 600px) 100vw, 512px\" \/><\/a><\/figure><div class=\"elementor-image-box-content\"><h3 class=\"elementor-image-box-title\"><a href=\"https:\/\/www.kanvazz.be\/wp-content\/uploads\/2025\/05\/TMLA-Teflon\u2122-fabric-protector-Teflon-EcoElite\u2122-finish-BRANDS-SLOTS_compressed.pdf\" target=\"_blank\"> Teflon Trademark Agreement<\/a><\/h3><\/div><\/div>\t\t\t\t<\/div>\n\t\t\t\t<\/div>\n\t\t\t\t\t<\/div>\n\t\t<\/div>\n\t\t\t\t<div class=\"elementor-column elementor-col-25 elementor-inner-column elementor-element elementor-element-5ae8443 sc_content_align_inherit sc_layouts_column_icons_position_left sc_fly_static\" data-id=\"5ae8443\" data-element_type=\"column\" data-e-type=\"column\">\n\t\t\t<div class=\"elementor-widget-wrap elementor-element-populated\">\n\t\t\t\t\t\t<div class=\"elementor-element elementor-element-4621afd elementor-position-top elementor-position-top sc_fly_static elementor-widget elementor-widget-image-box\" data-id=\"4621afd\" data-element_type=\"widget\" data-e-type=\"widget\" data-widget_type=\"image-box.default\">\n\t\t\t\t<div class=\"elementor-widget-container\">\n\t\t\t\t\t<div class=\"elementor-image-box-wrapper\"><figure class=\"elementor-image-box-img\"><a href=\"https:\/\/www.kanvazz.be\/wp-content\/uploads\/2025\/06\/official-test-report-of-the-Wtcb-o210914-AC-21-009-01.pdf\" target=\"_blank\" tabindex=\"-1\"><img fetchpriority=\"high\" decoding=\"async\" width=\"512\" height=\"512\" src=\"https:\/\/www.kanvazz.be\/wp-content\/uploads\/2025\/05\/certificate.png\" class=\"attachment-full size-full wp-image-22115\" alt=\"\" srcset=\"https:\/\/www.kanvazz.be\/wp-content\/uploads\/2025\/05\/certificate.png 512w, https:\/\/www.kanvazz.be\/wp-content\/uploads\/2025\/05\/certificate-300x300.png 300w, https:\/\/www.kanvazz.be\/wp-content\/uploads\/2025\/05\/certificate-150x150.png 150w, https:\/\/www.kanvazz.be\/wp-content\/uploads\/2025\/05\/certificate-370x370.png 370w, https:\/\/www.kanvazz.be\/wp-content\/uploads\/2025\/05\/certificate-120x120.png 120w, https:\/\/www.kanvazz.be\/wp-content\/uploads\/2025\/05\/certificate-410x410.png 410w\" sizes=\"(max-width: 600px) 100vw, 512px\" \/><\/a><\/figure><div class=\"elementor-image-box-content\"><h3 class=\"elementor-image-box-title\"><a href=\"https:\/\/www.kanvazz.be\/wp-content\/uploads\/2025\/06\/official-test-report-of-the-Wtcb-o210914-AC-21-009-01.pdf\" target=\"_blank\"> Acoustic Test Report<\/a><\/h3><\/div><\/div>\t\t\t\t<\/div>\n\t\t\t\t<\/div>\n\t\t\t\t\t<\/div>\n\t\t<\/div>\n\t\t\t\t\t<\/div>\n\t\t<\/section>\n\t\t\t\t<section class=\"elementor-section elementor-inner-section elementor-element elementor-element-a92988b elementor-section-boxed elementor-section-height-default elementor-section-height-default sc_fly_static\" data-id=\"a92988b\" data-element_type=\"section\" data-e-type=\"section\">\n\t\t\t\t\t\t<div class=\"elementor-container elementor-column-gap-extended\">\n\t\t\t\t\t<div class=\"elementor-column elementor-col-25 elementor-inner-column elementor-element elementor-element-82ddd62 sc_content_align_inherit sc_layouts_column_icons_position_left sc_fly_static\" data-id=\"82ddd62\" data-element_type=\"column\" data-e-type=\"column\">\n\t\t\t<div class=\"elementor-widget-wrap elementor-element-populated\">\n\t\t\t\t\t\t<div class=\"elementor-element elementor-element-c8e3e1c elementor-position-top elementor-position-top sc_fly_static elementor-widget elementor-widget-image-box\" data-id=\"c8e3e1c\" data-element_type=\"widget\" data-e-type=\"widget\" data-widget_type=\"image-box.default\">\n\t\t\t\t<div class=\"elementor-widget-container\">\n\t\t\t\t\t<div class=\"elementor-image-box-wrapper\"><figure class=\"elementor-image-box-img\"><a href=\"https:\/\/www.kanvazz.be\/wp-content\/uploads\/2025\/06\/23_02619_01-waterafstotend.pdf\" target=\"_blank\" tabindex=\"-1\"><img fetchpriority=\"high\" decoding=\"async\" width=\"512\" height=\"512\" src=\"https:\/\/www.kanvazz.be\/wp-content\/uploads\/2025\/05\/certificate.png\" class=\"attachment-full size-full wp-image-22115\" alt=\"\" srcset=\"https:\/\/www.kanvazz.be\/wp-content\/uploads\/2025\/05\/certificate.png 512w, https:\/\/www.kanvazz.be\/wp-content\/uploads\/2025\/05\/certificate-300x300.png 300w, https:\/\/www.kanvazz.be\/wp-content\/uploads\/2025\/05\/certificate-150x150.png 150w, https:\/\/www.kanvazz.be\/wp-content\/uploads\/2025\/05\/certificate-370x370.png 370w, https:\/\/www.kanvazz.be\/wp-content\/uploads\/2025\/05\/certificate-120x120.png 120w, https:\/\/www.kanvazz.be\/wp-content\/uploads\/2025\/05\/certificate-410x410.png 410w\" sizes=\"(max-width: 600px) 100vw, 512px\" \/><\/a><\/figure><div class=\"elementor-image-box-content\"><h3 class=\"elementor-image-box-title\"><a href=\"https:\/\/www.kanvazz.be\/wp-content\/uploads\/2025\/06\/23_02619_01-waterafstotend.pdf\" target=\"_blank\">Water Repellence Certificate<\/a><\/h3><\/div><\/div>\t\t\t\t<\/div>\n\t\t\t\t<\/div>\n\t\t\t\t\t<\/div>\n\t\t<\/div>\n\t\t\t\t<div class=\"elementor-column elementor-col-25 elementor-inner-column elementor-element elementor-element-8349e59 sc_content_align_inherit sc_layouts_column_icons_position_left sc_fly_static\" data-id=\"8349e59\" data-element_type=\"column\" data-e-type=\"column\">\n\t\t\t<div class=\"elementor-widget-wrap elementor-element-populated\">\n\t\t\t\t\t\t<div class=\"elementor-element elementor-element-0edda88 elementor-position-top elementor-position-top sc_fly_static elementor-widget elementor-widget-image-box\" data-id=\"0edda88\" data-element_type=\"widget\" data-e-type=\"widget\" data-widget_type=\"image-box.default\">\n\t\t\t\t<div class=\"elementor-widget-container\">\n\t\t\t\t\t<div class=\"elementor-image-box-wrapper\"><figure class=\"elementor-image-box-img\"><a href=\"https:\/\/www.kanvazz.be\/wp-content\/uploads\/2025\/06\/23_02619_02-KU-light-test.pdf\" target=\"_blank\" tabindex=\"-1\"><img fetchpriority=\"high\" decoding=\"async\" width=\"512\" height=\"512\" src=\"https:\/\/www.kanvazz.be\/wp-content\/uploads\/2025\/05\/certificate.png\" class=\"attachment-full size-full wp-image-22115\" alt=\"\" srcset=\"https:\/\/www.kanvazz.be\/wp-content\/uploads\/2025\/05\/certificate.png 512w, https:\/\/www.kanvazz.be\/wp-content\/uploads\/2025\/05\/certificate-300x300.png 300w, https:\/\/www.kanvazz.be\/wp-content\/uploads\/2025\/05\/certificate-150x150.png 150w, https:\/\/www.kanvazz.be\/wp-content\/uploads\/2025\/05\/certificate-370x370.png 370w, https:\/\/www.kanvazz.be\/wp-content\/uploads\/2025\/05\/certificate-120x120.png 120w, https:\/\/www.kanvazz.be\/wp-content\/uploads\/2025\/05\/certificate-410x410.png 410w\" sizes=\"(max-width: 600px) 100vw, 512px\" \/><\/a><\/figure><div class=\"elementor-image-box-content\"><h3 class=\"elementor-image-box-title\"><a href=\"https:\/\/www.kanvazz.be\/wp-content\/uploads\/2025\/06\/23_02619_02-KU-light-test.pdf\" target=\"_blank\">Light Test Certificate<\/a><\/h3><\/div><\/div>\t\t\t\t<\/div>\n\t\t\t\t<\/div>\n\t\t\t\t\t<\/div>\n\t\t<\/div>\n\t\t\t\t<div class=\"elementor-column elementor-col-25 elementor-inner-column elementor-element elementor-element-e65f74d sc_content_align_inherit sc_layouts_column_icons_position_left sc_fly_static\" data-id=\"e65f74d\" data-element_type=\"column\" data-e-type=\"column\">\n\t\t\t<div class=\"elementor-widget-wrap\">\n\t\t\t\t\t\t\t<\/div>\n\t\t<\/div>\n\t\t\t\t<div class=\"elementor-column elementor-col-25 elementor-inner-column elementor-element elementor-element-f11c040 sc_content_align_inherit sc_layouts_column_icons_position_left sc_fly_static\" data-id=\"f11c040\" data-element_type=\"column\" data-e-type=\"column\">\n\t\t\t<div class=\"elementor-widget-wrap\">\n\t\t\t\t\t\t\t<\/div>\n\t\t<\/div>\n\t\t\t\t\t<\/div>\n\t\t<\/section>\n\t\t\t\t\t<\/div>\n\t\t<\/div>\n\t\t\t\t\t<\/div>\n\t\t<\/section>\n\t\t\t\t<\/div>\n\t\t","protected":false},"excerpt":{"rendered":"<p>SLOTS PURETextiles Certificates Certified quality you can trust \u2014 our textiles meet the highest global standards for sustainability, safety, and performance. Fire Certificate CE Certificate Teflon Trademark Agreement Acoustic Test&hellip;<\/p>\n","protected":false},"author":1,"featured_media":0,"parent":0,"menu_order":0,"comment_status":"closed","ping_status":"closed","template":"","meta":{"footnotes":""},"class_list":["post-21300","page","type-page","status-publish","hentry"],"_links":{"self":[{"href":"https:\/\/www.kanvazz.be\/de\/wp-json\/wp\/v2\/pages\/21300","targetHints":{"allow":["GET"]}}],"collection":[{"href":"https:\/\/www.kanvazz.be\/de\/wp-json\/wp\/v2\/pages"}],"about":[{"href":"https:\/\/www.kanvazz.be\/de\/wp-json\/wp\/v2\/types\/page"}],"author":[{"embeddable":true,"href":"https:\/\/www.kanvazz.be\/de\/wp-json\/wp\/v2\/users\/1"}],"replies":[{"embeddable":true,"href":"https:\/\/www.kanvazz.be\/de\/wp-json\/wp\/v2\/comments?post=21300"}],"version-history":[{"count":9,"href":"https:\/\/www.kanvazz.be\/de\/wp-json\/wp\/v2\/pages\/21300\/revisions"}],"predecessor-version":[{"id":26265,"href":"https:\/\/www.kanvazz.be\/de\/wp-json\/wp\/v2\/pages\/21300\/revisions\/26265"}],"wp:attachment":[{"href":"https:\/\/www.kanvazz.be\/de\/wp-json\/wp\/v2\/media?parent=21300"}],"curies":[{"name":"wp","href":"https:\/\/api.w.org\/{rel}","templated":true}]}}